{"id":2580,"date":"2022-02-24T17:20:16","date_gmt":"2022-02-24T14:20:16","guid":{"rendered":"https:\/\/sevileskicioglu.av.tr\/?page_id=2580"},"modified":"2022-02-28T15:38:39","modified_gmt":"2022-02-28T12:38:39","slug":"gizlilik-bildirimi","status":"publish","type":"page","link":"https:\/\/sevileskicioglu.av.tr\/de\/datenschutz-2\/","title":{"rendered":"Datenschutz"},"content":{"rendered":"<div data-elementor-type=\"wp-post\" data-elementor-id=\"2580\" class=\"elementor elementor-2580\">\n\t\t\t\t\t\t\t\t\t<section class=\"elementor-section elementor-top-section elementor-element elementor-element-5b2635c elementor-section-boxed elementor-section-height-default elementor-section-height-default\" data-id=\"5b2635c\" data-element_type=\"section\">\n\t\t\t\t\t\t<div class=\"elementor-container elementor-column-gap-default\">\n\t\t\t\t\t<div class=\"elementor-column elementor-col-100 elementor-top-column elementor-element elementor-element-7f1da95\" data-id=\"7f1da95\" data-element_type=\"column\">\n\t\t\t<div class=\"elementor-widget-wrap elementor-element-populated\">\n\t\t\t\t\t\t\t\t<div class=\"elementor-element elementor-element-99f2b40 elementor-widget elementor-widget-html\" data-id=\"99f2b40\" data-element_type=\"widget\" data-widget_type=\"html.default\">\n\t\t\t\t<div class=\"elementor-widget-container\">\n\t\t\t<div id=\"privacy\" class=\"translation-block\">\n    <div id=\"privacy\" class=\"translation-block\">\n    <p><span style=\"font-size:12pt\"><span style=\"font-family:Calibri,sans-serif\"><strong><u>Datenschutz<\/u><\/strong><\/span><\/span><\/p>\n\n    \n    \n    <p><span style=\"font-size:12pt\"><span style=\"font-family:Calibri,sans-serif\">In dieser Datenschutzerkl&auml;rung informieren wir Sie &uuml;ber die Verarbeitung personenbezogener Daten bei der Nutzung dieser Website.<\/span><\/span><\/p>\n    \n    \n    \n    <p><span style=\"font-size:12pt\"><span style=\"font-family:Calibri,sans-serif\">Verantwortlicher f&uuml;r die Datenverarbeitung<\/span><\/span><\/p>\n    \n    \n    \n    <p><span style=\"font-size:12pt\"><span style=\"font-family:Calibri,sans-serif\">Rechtsanwaltskanzlei Sevil Eskicioglu<\/span><\/span><\/p>\n    \n    <p><span style=\"font-size:12pt\"><span style=\"font-family:Calibri,sans-serif\">K&uuml;lt&uuml;r Mahallesi Nispetiye Caddesi No 54 Akmerkez B3 Blok Kat 8<\/span><\/span><\/p>\n    \n    <p><span style=\"font-size:12pt\"><span style=\"font-family:Calibri,sans-serif\">Tel: + 0212 705 95 25 <\/span><\/span><\/p>\n    \n    <p><span style=\"font-size:12pt\"><span style=\"font-family:Calibri,sans-serif\">Email: info@sevileskicioglu.av.tr<\/span><\/span><\/p>\n    \n    <p><span style=\"font-size:12pt\"><span style=\"font-family:Calibri,sans-serif\">Web: www.sevileskicioglu.av.tr<\/span><\/span><\/p>\n    \n    \n    \n    <p><span style=\"font-size:12pt\"><span style=\"font-family:Calibri,sans-serif\">Vertretungsberechtigte<\/span><\/span><\/p>\n    \n    \n    \n    <p><span style=\"font-size:12pt\"><span style=\"font-family:Calibri,sans-serif\">Rechtsanw&auml;ltin Sevil Eskicioglu <\/span><\/span><\/p>\n    \n    \n    \n    <p><span style=\"font-size:12pt\"><span style=\"font-family:Calibri,sans-serif\">Datenschutzbeauftragter<\/span><\/span><\/p>\n    \n    \n    \n    <p><span style=\"font-size:12pt\"><span style=\"font-family:Calibri,sans-serif\">Der Datenschutzbeauftragte ist unter der Adresse des Verantwortlichen oben zu erreichen. F&uuml;r Fragen zum Datenschutz schicken Sie uns bitte eine Nachricht an mit dem Betreff &bdquo;Datenschutzbeauftragter&ldquo;. Sie erreichen unseren Datenschutzbeauftragten &uuml;ber die folgenden Kontaktdaten:<\/span><\/span><\/p>\n    \n    \n    \n    <p><span style=\"font-size:12pt\"><span style=\"font-family:Calibri,sans-serif\">Rechtsanw&auml;ltin Sevil Eskicioglu<\/span><\/span><\/p>\n    \n    <p><span style=\"font-size:12pt\"><span style=\"font-family:Calibri,sans-serif\">K&uuml;lt&uuml;r Mahallesi Nispetiye Caddesi No 54 Akmerkez B3 Blok Kat 8<\/span><\/span><\/p>\n    \n    <p><span style=\"font-size:12pt\"><span style=\"font-family:Calibri,sans-serif\">Tel: + 0212 705 95 25 <\/span><\/span><\/p>\n    \n    <p><span style=\"font-size:12pt\"><span style=\"font-family:Calibri,sans-serif\">Email: info@sevileskicioglu.av.tr<\/span><\/span><\/p>\n    \n    <p><span style=\"font-size:12pt\"><span style=\"font-family:Calibri,sans-serif\">Web: www.sevileskicioglu.av.tr<\/span><\/span><\/p>\n    \n    \n    \n    <p><span style=\"font-size:12pt\"><span style=\"font-family:Calibri,sans-serif\">Personenbezogene Daten<\/span><\/span><\/p>\n    \n    \n    \n    <p><span style=\"font-size:12pt\"><span style=\"font-family:Calibri,sans-serif\">Personenbezogene Daten sind alle Informationen, die sich auf eine identifizierte oder identifizierbare nat&uuml;rliche Person (im Folgenden &bdquo;betroffene Person&ldquo;) beziehen. Als identifizierbar wird eine nat&uuml;rliche Person angesehen, die direkt oder indirekt, insbesondere mittels Zuordnung zu einer Kennung wie einem Namen, zu einer Kennnummer, zu Standortdaten, zu einer Online-Kennung oder zu einem oder mehreren besonderen Merkmalen identifiziert werden kann, die Ausdruck der physischen, physiologischen, genetischen, psychischen, wirtschaftlichen, kulturellen oder sozialen Identit&auml;t dieser nat&uuml;rlichen Person sind.<\/span><\/span><\/p>\n    \n    \n    \n    <p><span style=\"font-size:12pt\"><span style=\"font-family:Calibri,sans-serif\">Daten beim Websiteaufruf<\/span><\/span><\/p>\n    \n    \n    \n    <p><span style=\"font-size:12pt\"><span style=\"font-family:Calibri,sans-serif\">Wenn Sie diese Website nur nutzen, um sich zu informieren und keine Daten angeben, dann verarbeiten wir nur die Daten, die zur Anzeige der Website auf dem von Ihnen verwendeten internetf&auml;higen Ger&auml;t erforderlich sind. Das sind insbesondere:<\/span><\/span><\/p>\n    \n    \n    \n    <p><span style=\"font-size:12pt\"><span style=\"font-family:Calibri,sans-serif\">IP-Adresse<\/span><\/span><\/p>\n    \n    <p><span style=\"font-size:12pt\"><span style=\"font-family:Calibri,sans-serif\">Datum und Uhrzeit der Anfrage<\/span><\/span><\/p>\n    \n    <p><span style=\"font-size:12pt\"><span style=\"font-family:Calibri,sans-serif\">jeweils &uuml;bertragene Datenmenge<\/span><\/span><\/p>\n    \n    <p><span style=\"font-size:12pt\"><span style=\"font-family:Calibri,sans-serif\">die Website, von der die Anforderung kommt<\/span><\/span><\/p>\n    \n    <p><span style=\"font-size:12pt\"><span style=\"font-family:Calibri,sans-serif\">Browsertyp und Browserversion<\/span><\/span><\/p>\n    \n    <p><span style=\"font-size:12pt\"><span style=\"font-family:Calibri,sans-serif\">Betriebssystem<\/span><\/span><\/p>\n    \n    \n    \n    <p><span style=\"font-size:12pt\"><span style=\"font-family:Calibri,sans-serif\">Rechtsgrundlage f&uuml;r die Verarbeitung dieser Daten sind berechtigte Interessen, um die Darstellung der Website grunds&auml;tzlich zu erm&ouml;glichen.<\/span><\/span><\/p>\n    \n    \n    \n    <p><span style=\"font-size:12pt\"><span style=\"font-family:Calibri,sans-serif\">Dar&uuml;ber hinaus k&ouml;nnen Sie verschiedene Leistungen auf der Website nutzen, bei der weitere personenbezogene und nicht personenbezogene Daten verarbeitet werden.<\/span><\/span><\/p>\n    \n    \n    \n    <p><span style=\"font-size:12pt\"><span style=\"font-family:Calibri,sans-serif\">Kontaktformular und Emailkontakt<\/span><\/span><\/p>\n    \n    \n    \n    <p><span style=\"font-size:12pt\"><span style=\"font-family:Calibri,sans-serif\">Auf unserer Webseite stellen wir ein Kontaktformular zur Verf&uuml;gung. Nimmt ein Nutzer &uuml;ber das Kontaktformular mit uns Kontakt auf, so werden die in der Eingabemaske eingegeben Daten an uns &uuml;bermittelt und gespeichert. Alternativ kann &uuml;ber die bereitgestellte Email-Adresse mit uns Kontakt aufgenommen werden. In diesem Fall werden die mit der Email &uuml;bermittelten personenbezogenen Daten des Nutzers gespeichert. Die gespeicherten Daten d&uuml;rfen f&uuml;r die Auftragserf&uuml;llung bei Bedarf den eigenen Mitarbeitern, Kooperationspartner oder Dritten weitergegeben werden.<\/span><\/span><\/p>\n    \n    \n    \n    <p><span style=\"font-size:12pt\"><span style=\"font-family:Calibri,sans-serif\">Ihre Rechte<\/span><\/span><\/p>\n    \n    \n    \n    <p><span style=\"font-size:12pt\"><span style=\"font-family:Calibri,sans-serif\">Als betroffene Person haben Sie folgende Rechte:<\/span><\/span><\/p>\n    \n    <p><span style=\"font-size:12pt\"><span style=\"font-family:Calibri,sans-serif\">&middot; Sie haben ein Auskunftsrecht bez&uuml;glich der Sie betreffenden personenbezogenen Daten, die der Verantwortliche verarbeitet,<\/span><\/span><\/p>\n    \n    <p><span style=\"font-size:12pt\"><span style=\"font-family:Calibri,sans-serif\">&middot; Sie haben das Recht auf Berichtigung der Sie betreffenden Daten, wenn diese unrichtig oder unvollst&auml;ndig gespeichert werden,<\/span><\/span><\/p>\n    \n    <p><span style=\"font-size:12pt\"><span style=\"font-family:Calibri,sans-serif\">&middot; Sie haben das Recht auf L&ouml;schung,<\/span><\/span><\/p>\n    \n    <p><span style=\"font-size:12pt\"><span style=\"font-family:Calibri,sans-serif\">&middot; Sie haben das Recht, die Einschr&auml;nkung der Verarbeitung Ihrer personenbezogenen Daten zu verlangen,<\/span><\/span><\/p>\n    \n    <p><span style=\"font-size:12pt\"><span style=\"font-family:Calibri,sans-serif\">&middot; Sie haben das Recht auf Daten&uuml;bertragbarkeit,<\/span><\/span><\/p>\n    \n    <p><span style=\"font-size:12pt\"><span style=\"font-family:Calibri,sans-serif\">&middot; Sie haben ein Widerspruchsrecht gegen die Verarbeitung Sie betreffender personenbezogener Daten,<\/span><\/span><\/p>\n    \n    <p><span style=\"font-size:12pt\"><span style=\"font-family:Calibri,sans-serif\">&middot; Sie haben das Recht nicht einer ausschlie&szlig;lich auf einer automatisierten Verarbeitung &ndash; einschlie&szlig;lich Profiling &ndash; beruhenden Entscheidung unterworfen zu werden, die Ihnen gegen&uuml;ber rechtliche Wirkung entfaltet oder sie in &auml;hnlicher Weise erheblich beeintr&auml;chtigt,<\/span><\/span><\/p>\n    \n    <p><span style=\"font-size:12pt\"><span style=\"font-family:Calibri,sans-serif\">&middot; Sie haben das Recht, sich bei einem vermuteten Versto&szlig; gegen das Datenschutzrecht bei der zust&auml;ndigen Aufsichtsbeh&ouml;rde zu beschweren. Zust&auml;ndig ist die Aufsichtsbeh&ouml;rde an Ihrem &uuml;blichen Aufenthaltsort, Arbeitsplatz oder am Ort des vermuteten Versto&szlig;es.<\/span><\/span><\/p>\n    \n    \n    \n    <p><span style=\"font-size:12pt\"><span style=\"font-family:Calibri,sans-serif\">Einsatz von Cookies<\/span><\/span><\/p>\n    \n    \n    \n    <p><span style=\"font-size:12pt\"><span style=\"font-family:Calibri,sans-serif\">Beim Besuch der Website k&ouml;nnen Cookies auf Ihrem Ger&auml;t gespeichert werden. Cookies sind kleine Textdateien, die von dem von Ihnen verwendeten Browser gespeichert werden. Cookies k&ouml;nnen keine Programme ausf&uuml;hren und auch keine Viren auf Ihr Ger&auml;t &uuml;bertragen. Die Stelle, die den Cookie setzt, kann dar&uuml;ber jedoch bestimmte Informationen erhalten. Cookies dienen dazu, das Internetangebot benutzerfreundlicher zu machen. Mithilfe von Cookies kann beispielsweise das Ger&auml;t, mit dem diese Website aufgerufen wurde, bei einem erneuten Aufruf erkannt werden.<\/span><\/span><\/p>\n    \n    \n    \n    <p><span style=\"font-size:12pt\"><span style=\"font-family:Calibri,sans-serif\">Durch die Browsereinstellungen l&auml;sst sich das Setzen von Cookies einschr&auml;nken oder verhindern. So kann z. B. nur die Annahme von Cookies, die von Drittanbietern stammen, blockiert werden oder aber auch die Annahme von allen Cookies. Durch das Blockieren sind jedoch m&ouml;glicherweise nicht mehr alle Funktionen dieser Website nutzbar. Im weiteren Text dieser Datenschutzerkl&auml;rung informieren wir Sie konkret, an welchen Stellen und zu welchen Zwecken Cookies auf den Seiten zum Einsatz kommen.<\/span><\/span><\/p>\n    \n    \n    \n    <p><span style=\"font-size:12pt\"><span style=\"font-family:Calibri,sans-serif\">Datenschutzerkl&auml;rung f&uuml;r Google Analytics<\/span><\/span><\/p>\n    \n    \n    \n    <p><span style=\"font-size:12pt\"><span style=\"font-family:Calibri,sans-serif\">Diese Website verwendet Google Analytics, einen Webanalysedienst der Google Inc., 1600 Amphitheatre Parkway, Mountain View, CA 94043, USA. Zu diesem Zweck werden von Google Cookies auf dem Ger&auml;t gesetzt. Diese erm&ouml;glichen eine Analyse der Website-Nutzung. Die dabei erfassten Informationen werden in der Regel an einen Server von Google in den USA &uuml;bermittelt und dort erfasst &ndash; darunter auch die IP-Adresse. Google Analytics ist dabei so eingestellt, dass IP-Adressen nur anonymisiert gespeichert werden. Google k&uuml;rzt aufgrund dieser Einstellung vor der Speicherung die innerhalb von Mitgliedstaaten der Europ&auml;ischen Union oder in anderen Vertragsstaaten des Abkommens &uuml;ber den Europ&auml;ischen Wirtschaftsraum erfassten IP-Adressen. Google nutzt die gesammelten Informationen, um die Nutzung der Webseiten auszuwerten und entsprechende Berichte zu erstellen. Google Analytics ist so eingestellt, dass die Daten innerhalb von 14 Monaten nach ihrem Entstehen gel&ouml;scht werden.<\/span><\/span><\/p>\n    \n    \n    \n    <p><span style=\"font-size:12pt\"><span style=\"font-family:Calibri,sans-serif\">Die Verarbeitung der Daten erfolgt auf Grundlage von Art. 6 Abs. 1 UAbs. 1 Buchstabe f) DSGVO mit dem berechtigten Interesse an der Verbesserung dieses Websiteangebots.<\/span><\/span><\/p>\n    \n    \n    \n    <p><span style=\"font-size:12pt\"><span style=\"font-family:Calibri,sans-serif\">Das Setzen des Analytics-Cookies l&auml;sst sich verhindern, indem der Browser so eingestellt wird, dass dieser alle Cookies ablehnt. M&ouml;glicherweise beeintr&auml;chtigt das jedoch die Nutzungsm&ouml;glichkeiten dieser Website. Die Erfassung von Daten durch Google kann au&szlig;erdem die Installation des folgenden Browser-Plug-ins verhindern: https:\/\/tools.google.com\/dlpage\/gaoptout?hl=de. Die Erfassung von Daten durch Google Analytics verhindert zudem ein Klick auf folgenden Link. Dieser setzt ein entsprechende Opt-Out-Cookie: Erfassung von Daten durch Google Analytics f&uuml;r diese Website deaktivieren.<\/span><\/span><\/p>\n    \n    \n    \n    <p><span style=\"font-size:12pt\"><span style=\"font-family:Calibri,sans-serif\">Weitere Informationen zum Datenschutz von Google finden Sie unter: https:\/\/www.google.com\/intl\/de\/analytics\/privacyoverview.html.<\/span><\/span><\/p>\n    \n    \n    \n    <p><span style=\"font-size:12pt\"><span style=\"font-family:Calibri,sans-serif\">Datenschutzerkl&auml;rung f&uuml;r Google AdSense<\/span><\/span><\/p>\n    \n    \n    \n    <p><span style=\"font-size:12pt\"><span style=\"font-family:Calibri,sans-serif\">Diese Website verwendet Google AdSense, einen Dienst der Google Inc., 1600 Amphitheatre Parkway, Mountain View, CA 94043, USA. Google AdSense erm&ouml;glicht die Einbindung von Werbung auf Webseiten. Zu diesem Zweck werden von Google Cookies (kleine Textdateien) auf dem Ger&auml;t gesetzt bzw. bzw. Web-Beacons (unsichtbare Pixel) angezeigt. Diese erm&ouml;glichen eine Analyse der Websitebesuche. Dank der Cookies f&uuml;r Anzeigenvorgaben k&ouml;nnen Google und seine Partner Nutzern auf Basis der Aufrufe dieser Website oder anderer Websites Werbeanzeigen bereitstellen. Die dabei erfassten Informationen werden in der Regel an einen Server von Google in den USA &uuml;bertragen und dort gespeichert &ndash; darunter auch die IP-Adresse. M&ouml;glicherweise gibt Google diese Informationen an Dritte weiter.<\/span><\/span><\/p>\n    \n    \n    \n    <p><span style=\"font-size:12pt\"><span style=\"font-family:Calibri,sans-serif\">Die Verarbeitung der Daten erfolgt auf Grundlage von Art. 6 Abs. 1 UAbs. 1 Buchstabe f) DSGVO mit dem berechtigten Interesse an der Verbesserung des Websiteangebots wie der Werbung.<\/span><\/span><\/p>\n    \n    \n    \n    <p><span style=\"font-size:12pt\"><span style=\"font-family:Calibri,sans-serif\">Das Setzen des AdSense-Cookies l&auml;sst sich durch Einstellung des Browsers verhindern, indem dieser alle Cookies ablehnt. M&ouml;glicherweise beeintr&auml;chtigt das jedoch die Nutzungsm&ouml;glichkeiten dieser Website. Sie k&ouml;nnen personalisierte Werbung zudem auf folgender Seite deaktivieren: https:\/\/adssettings.google.com\/anonymous.<\/span><\/span><\/p>\n    \n    \n    \n    <p><span style=\"font-size:12pt\"><span style=\"font-family:Calibri,sans-serif\">Weitere Informationen zum Datenschutz durch Google finden Sie unter: https:\/\/www.google.com\/intl\/de\/analytics\/privacyoverview.html.<\/span><\/span><\/p>\n    \n    \n    \n    <p><span style=\"font-size:12pt\"><span style=\"font-family:Calibri,sans-serif\">Datenschutzerkl&auml;rung f&uuml;r Facebook<\/span><\/span><\/p>\n    \n    \n    \n    <p><span style=\"font-size:12pt\"><span style=\"font-family:Calibri,sans-serif\">Diese Website verwendet Social-Media-Funktionen von Facebook Inc., 1601 S. California Ave, Palo Alto, CA 94304, USA. &Uuml;ber darauf eingebundene Facebook-Like-Schaltfl&auml;chen &ndash; Facebook-Like-Button &ndash; k&ouml;nnen Sie Inhalte im sozialen Netzwerk von Facebook teilen. Rechtsgrundlage f&uuml;r die Verarbeitung der Daten ist Art. 6 Abs. 1 UAbs. 1 Buchstabe f) DSGVO das berechtigte Interesse an der Optimierung des Websiteangebots. Bei Aufruf einer Seite mit integriertem Facebook-Like-Button wird grunds&auml;tzlich eine Verbindung zwischen dem verwendeten Browser und den Servern von Facebook aufgebaut. Um diese sofortige Verbindung zu unterbinden, verwendet diese Website eine L&ouml;sung, bei der diese &Uuml;bertragung erst mit Bet&auml;tigen des Facebook-Like-Buttons stattfindet. Erst beim zweiten Bet&auml;tigen des Facebook-Like-Buttons werden Daten an Facebook &uuml;bertragen. Besitzen Sie einen Facebook-Account, k&ouml;nnen diese Daten mit diesem verkn&uuml;pft werden. Wenn Sie keine Zuordnung dieser Daten zu Ihrem Facebook-Account w&uuml;nschen, loggen Sie sich daher bitte vor dem Besuch unserer Seite bei Facebook aus und l&ouml;schen Sie die Cookies in Ihrem Browser. Facebook hat sich dem Datenschutzabkommen &bdquo;Privacy Shield&ldquo; zwischen der USA und der EU unterworfen. Mehr zum Datenschutz von Facebook erfahren Sie unter https:\/\/de-de.facebook.com\/privacy\/explanation.<\/span><\/span><\/p>\n    \n    \n    \n    <p><span style=\"font-size:12pt\"><span style=\"font-family:Calibri,sans-serif\">Datenschutzerkl&auml;rung f&uuml;r Twitter<\/span><\/span><\/p>\n    \n    \n    \n    <p><span style=\"font-size:12pt\"><span style=\"font-family:Calibri,sans-serif\">Diese Website verwendet Social-Media-Funktionen von Twitter, Inc., 1355 Market St, Suite 900, San Francisco, CA 94103, USA. &Uuml;ber darauf eingebundene Twitter-Schaltfl&auml;chen &ndash; Tweet-Button &ndash; k&ouml;nnen Sie Inhalte im sozialen Netzwerk von Twitter teilen. Rechtsgrundlage f&uuml;r die Verarbeitung der Daten ist Art. 6 Abs. 1 UAbs. 1 Buchstabe f) DSGVO das berechtigte Interesse an der Optimierung des Websiteangebots. Bei Aufruf einer Seite mit integriertem Tweet-Button wird grunds&auml;tzlich eine Verbindung zwischen dem verwendeten Browser und den Servern von Twitter aufgebaut. Um diese sofortige Verbindung zu unterbinden, verwendet diese Website eine L&ouml;sung, bei der diese &Uuml;bertragung erst mit Bet&auml;tigen des Tweet-Buttons stattfindet. Besitzen Sie einen Twitter-Account, k&ouml;nnen diese Daten mit diesem verkn&uuml;pft werden. Wenn Sie keine Zuordnung dieser Daten zu Ihrem Twitter-Account w&uuml;nschen, loggen Sie sich daher bitte vor dem Besuch der Seite bei Twitter aus und l&ouml;schen Sie die Cookies in Ihrem Browser. Twitter hat sich dem Datenschutzabkommen &bdquo;Privacy Shield&ldquo; zwischen der USA und der EU unterworfen. Mehr zum Datenschutz von Twitter erfahren Sie unter https:\/\/twitter.com\/privacy.<\/span><\/span><\/p>\n    \n    \n    \n<\/div>\n<\/div>\t\t<\/div>\n\t\t\t\t<\/div>\n\t\t\t\t\t<\/div>\n\t\t<\/div>\n\t\t\t\t\t\t\t<\/div>\n\t\t<\/section>\n\t\t\t\t\t\t\t<\/div>","protected":false},"excerpt":{"rendered":"<p>G\u0130ZL\u0130L\u0130K B\u0130LD\u0130R\u0130M\u0130 Giri\u015f Bu Gizlilik Bildirimi, Sevil Eskicio\u011flu Hukuk B&uuml;rosua\u015fa\u011f\u0131da say\u0131lan ki\u015filer hakk\u0131nda Ki\u015fisel Verileri (a\u015fa\u011f\u0131da tan\u0131mlanm\u0131\u015ft\u0131r) nas\u0131l toplad\u0131\u011f\u0131n\u0131, kulland\u0131\u011f\u0131n\u0131, ba\u015fkalar\u0131yla payla\u015ft\u0131\u011f\u0131n\u0131 ve ba\u015fka \u015fekilde nas\u0131l i\u015flendi\u011fini a&ccedil;\u0131klamaktad\u0131r: \u0130nternet sitemizi, mobil uygulamalar\u0131m\u0131z\u0131 ve di\u011fer &ccedil;evrimi&ccedil;i hizmetlerimizi ziyaret eden ki\u015filer (her&#8230;<\/p>","protected":false},"author":1,"featured_media":1999,"parent":0,"menu_order":0,"comment_status":"closed","ping_status":"closed","template":"my-templates\/template-fullscreen.php","meta":{"footnotes":""},"class_list":["post-2580","page","type-page","status-publish","has-post-thumbnail","hentry"],"_links":{"self":[{"href":"https:\/\/sevileskicioglu.av.tr\/de\/wp-json\/wp\/v2\/pages\/2580","targetHints":{"allow":["GET"]}}],"collection":[{"href":"https:\/\/sevileskicioglu.av.tr\/de\/wp-json\/wp\/v2\/pages"}],"about":[{"href":"https:\/\/sevileskicioglu.av.tr\/de\/wp-json\/wp\/v2\/types\/page"}],"author":[{"embeddable":true,"href":"https:\/\/sevileskicioglu.av.tr\/de\/wp-json\/wp\/v2\/users\/1"}],"replies":[{"embeddable":true,"href":"https:\/\/sevileskicioglu.av.tr\/de\/wp-json\/wp\/v2\/comments?post=2580"}],"version-history":[{"count":20,"href":"https:\/\/sevileskicioglu.av.tr\/de\/wp-json\/wp\/v2\/pages\/2580\/revisions"}],"predecessor-version":[{"id":2645,"href":"https:\/\/sevileskicioglu.av.tr\/de\/wp-json\/wp\/v2\/pages\/2580\/revisions\/2645"}],"wp:featuredmedia":[{"embeddable":true,"href":"https:\/\/sevileskicioglu.av.tr\/de\/wp-json\/wp\/v2\/media\/1999"}],"wp:attachment":[{"href":"https:\/\/sevileskicioglu.av.tr\/de\/wp-json\/wp\/v2\/media?parent=2580"}],"curies":[{"name":"wp","href":"https:\/\/api.w.org\/{rel}","templated":true}]}}