{"id":2641,"date":"2022-02-28T15:34:59","date_gmt":"2022-02-28T12:34:59","guid":{"rendered":"https:\/\/sevileskicioglu.av.tr\/?page_id=2641"},"modified":"2022-02-28T15:39:38","modified_gmt":"2022-02-28T12:39:38","slug":"yasal-uyari","status":"publish","type":"page","link":"https:\/\/sevileskicioglu.av.tr\/de\/disclaimer-de\/","title":{"rendered":"Disclaimer"},"content":{"rendered":"<div data-elementor-type=\"wp-post\" data-elementor-id=\"2641\" class=\"elementor elementor-2641\">\n\t\t\t\t\t\t\t\t\t<section class=\"elementor-section elementor-top-section elementor-element elementor-element-5b2635c elementor-section-boxed elementor-section-height-default elementor-section-height-default\" data-id=\"5b2635c\" data-element_type=\"section\">\n\t\t\t\t\t\t<div class=\"elementor-container elementor-column-gap-default\">\n\t\t\t\t\t<div class=\"elementor-column elementor-col-100 elementor-top-column elementor-element elementor-element-7f1da95\" data-id=\"7f1da95\" data-element_type=\"column\">\n\t\t\t<div class=\"elementor-widget-wrap elementor-element-populated\">\n\t\t\t\t\t\t\t\t<div class=\"elementor-element elementor-element-99f2b40 elementor-widget elementor-widget-html\" data-id=\"99f2b40\" data-element_type=\"widget\" data-widget_type=\"html.default\">\n\t\t\t\t<div class=\"elementor-widget-container\">\n\t\t\t<div id=\"privacy\" class=\"translation-block\">\n<div id=\"privacy\" class=\"translation-block\">\n    <p><span style=\"font-size:12pt\"><span style=\"font-family:Calibri,sans-serif\">Haftung f&uuml;r Inhalte und Links<\/span><\/span><\/p>\n\n    \n    \n    <p><span style=\"font-size:12pt\"><span style=\"font-family:Calibri,sans-serif\">Wir pflegen diese Webseite mit gr&ouml;&szlig;ter Sorgfalt und erstellen deren Inhalte nach bestem Gewissen. Wir bem&uuml;hen uns, sie aktuell und inhaltlich richtig sowie vollst&auml;ndig anzubieten. Dennoch k&ouml;nnen wir f&uuml;r die Richtigkeit, Vollst&auml;ndigkeit und Aktualit&auml;t der Inhalte keine Gew&auml;hr &uuml;bernehmen. Gleiches gilt auch f&uuml;r die Inhalte externer Webseiten, auf die diese Website &uuml;ber Hyperlinks verweist und auf die wir keinen Einfluss haben.<\/span><\/span><\/p>\n    \n    \n    \n    <p><span style=\"font-size:12pt\"><span style=\"font-family:Calibri,sans-serif\">Diese Webseite enth&auml;lt Links zu externen Webseiten Dritter, auf deren Inhalte wir keinen Einfluss haben. Deshalb k&ouml;nnen wir f&uuml;r diese fremden Inhalte auch keine Gew&auml;hr &uuml;bernehmen. F&uuml;r die Inhalte der verlinkten Seiten ist stets der jeweilige Anbieter oder Betreiber der Seiten verantwortlich. Die verlinkten Seiten wurden zum Zeitpunkt der Verlinkung auf m&ouml;gliche Rechtsverst&ouml;&szlig;e &uuml;berpr&uuml;ft. Rechtswidrige Inhalte waren zum Zeitpunkt der Verlinkung nicht erkennbar. Eine permanente inhaltliche Kontrolle der verlinkten Seiten ist jedoch ohne konkrete Anhaltspunkte einer Rechtsverletzung nicht zumutbar. Bei Bekanntwerden von Rechtsverletzungen werden wir derartige Links umgehend entfernen.<\/span><\/span><\/p>\n    \n    \n    \n    <p><span style=\"font-size:12pt\"><span style=\"font-family:Calibri,sans-serif\">Die auf dieser Webseite ver&ouml;ffentlichten Beitr&auml;ge und darin ver&ouml;ffentlichten Informationen stellen lediglich allgemeine Hinweise dar und sie ersetzen keine fundierte rechtliche Beratung. Wir &uuml;bernehmen keinerlei Gew&auml;hr f&uuml;r die Aktualit&auml;t, Richtigkeit und Vollst&auml;ndigkeit der bereitgestellten Informationen auf unserer Website.<\/span><\/span><\/p>\n    \n    \n    \n    <p><span style=\"font-size:12pt\"><span style=\"font-family:Calibri,sans-serif\">Haftungsanspr&uuml;che gegen die Autoren oder gegen den Betreiber dieser Webseite sind ausgeschlossen, welche aus den fehlerhaften oder unvollst&auml;ndigen Informationen abgeleitet werden k&ouml;nnen. Wir sind nicht verantwortlich und &uuml;bernehmen keinerlei Haftung f&uuml;r Sch&auml;den f&uuml;r direkte, indirekte, zuf&auml;llige, vorab konkret zu bestimmende Sch&auml;den oder Folgesch&auml;den, die angeblich durch den oder in Verbindung mit dem Zugang oder der Nutzung dieser Website und deren Inhalte aufgetreten sind.<\/span><\/span><\/p>\n    \n    \n    \n    <p><span style=\"font-size:12pt\"><span style=\"font-family:Calibri,sans-serif\">Alle Informationen sind freibleibend und unverbindlich. Wir behalten es uns ausdr&uuml;cklich vor, Teile der Seiten oder das gesamte Angebot ohne gesonderte Ank&uuml;ndigung zu ver&auml;ndern, zu erg&auml;nzen, zu l&ouml;schen oder die Ver&ouml;ffentlichung zeitweise oder endg&uuml;ltig einzustellen.<\/span><\/span><\/p>\n    \n    \n    \n    <p><span style=\"font-size:12pt\"><span style=\"font-family:Calibri,sans-serif\">Haftung f&uuml;r Urheberrecht<\/span><\/span><\/p>\n    \n    \n    \n    <p><span style=\"font-size:12pt\"><span style=\"font-family:Calibri,sans-serif\">Die durch uns erstellten Inhalte und Werke auf dieser Webseite unterliegen dem t&uuml;rkischen&nbsp; Urheberrecht. Die Vervielf&auml;ltigung, Bearbeitung, Verbreitung und jede Art der Verwertung au&szlig;erhalb der Grenzen des Urheberrechtes bed&uuml;rfen der schriftlichen Zustimmung des jeweiligen Autors bzw. Erstellers. Downloads und Kopien dieser Seite sind nur f&uuml;r den privaten, nicht kommerziellen Gebrauch gestattet. Soweit die Inhalte auf dieser Seite nicht vom Betreiber erstellt wurden, werden die Urheberrechte Dritter beachtet. Insbesondere werden Inhalte Dritter als solche gekennzeichnet. Sollten Sie trotzdem auf eine Urheberrechtsverletzung aufmerksam werden, bitten wir um einen entsprechenden Hinweis. Bei Bekanntwerden von Rechtsverletzungen werden wir derartige Inhalte umgehend entfernen.<\/span><\/span><\/p>\n    \n    \n    \n    <p><span style=\"font-size:12pt\"><span style=\"font-family:Calibri,sans-serif\">Haftung f&uuml;r personenbezogene Daten<\/span><\/span><\/p>\n    \n    \n    \n    <p><span style=\"font-size:12pt\"><span style=\"font-family:Calibri,sans-serif\">Die Nutzung unserer Webseite ist in der Regel ohne Angabe personenbezogener Daten m&ouml;glich. Soweit auf unseren Seiten personenbezogene Daten (beispielsweise Name, Anschrift oder Email-Adressen) erhoben werden, erfolgt dies, soweit m&ouml;glich, stets auf freiwilliger Basis. Diese Daten werden ohne Ihre ausdr&uuml;ckliche Zustimmung nicht an Dritte weitergegeben.<\/span><\/span><\/p>\n    \n    \n    \n    <p><span style=\"font-size:12pt\"><span style=\"font-family:Calibri,sans-serif\">Wir weisen darauf hin, dass die Daten&uuml;bertragung im Internet (z.B. bei der Kommunikation per Email) Sicherheitsl&uuml;cken aufweisen kann. Ein l&uuml;ckenloser Schutz der Daten vor dem Zugriff durch Dritte ist nicht m&ouml;glich.<\/span><\/span><\/p>\n    \n    \n    \n    <p><span style=\"font-size:12pt\"><span style=\"font-family:Calibri,sans-serif\">Der Nutzung von jeglichen ver&ouml;ffentlichten Kontaktdaten durch Dritte zur &Uuml;bersendung von nicht ausdr&uuml;cklich angeforderter Werbung und Informationsmaterialien wird hiermit ausdr&uuml;cklich widersprochen. Wir behalten uns ausdr&uuml;cklich vor,&nbsp; rechtliche Schritte im Falle der unverlangten Zusendung von Werbeinformationen, etwa durch Spam-Mails einzuleiten.<\/span><\/span><\/p>\n    \n<\/div>\n<\/div>\t\t<\/div>\n\t\t\t\t<\/div>\n\t\t\t\t\t<\/div>\n\t\t<\/div>\n\t\t\t\t\t\t\t<\/div>\n\t\t<\/section>\n\t\t\t\t\t\t\t<\/div>","protected":false},"excerpt":{"rendered":"<p>Say\u0131n Ziyaret&ccedil;iler, Bu internet sitesindeki bilgiler yaln\u0131zca bilgi verme ama&ccedil;l\u0131 olarak haz\u0131rlanm\u0131\u015f olup herhangi bir \u015fekilde hukuki g&ouml;r&uuml;\u015f olarak kullan\u0131lmamal\u0131d\u0131r. Bu site ve i&ccedil;erdi\u011fi bilgiler avukat-m&uuml;vekkil ili\u015fkisi kurmak amac\u0131 ile tasarlanmam\u0131\u015ft\u0131r. Bu kapsamda, bu internet sitesinde yer alan bilgiler y&uuml;r&uuml;rl&uuml;kte&#8230;<\/p>","protected":false},"author":1,"featured_media":1999,"parent":0,"menu_order":0,"comment_status":"closed","ping_status":"closed","template":"my-templates\/template-fullscreen.php","meta":{"footnotes":""},"class_list":["post-2641","page","type-page","status-publish","has-post-thumbnail","hentry"],"_links":{"self":[{"href":"https:\/\/sevileskicioglu.av.tr\/de\/wp-json\/wp\/v2\/pages\/2641","targetHints":{"allow":["GET"]}}],"collection":[{"href":"https:\/\/sevileskicioglu.av.tr\/de\/wp-json\/wp\/v2\/pages"}],"about":[{"href":"https:\/\/sevileskicioglu.av.tr\/de\/wp-json\/wp\/v2\/types\/page"}],"author":[{"embeddable":true,"href":"https:\/\/sevileskicioglu.av.tr\/de\/wp-json\/wp\/v2\/users\/1"}],"replies":[{"embeddable":true,"href":"https:\/\/sevileskicioglu.av.tr\/de\/wp-json\/wp\/v2\/comments?post=2641"}],"version-history":[{"count":4,"href":"https:\/\/sevileskicioglu.av.tr\/de\/wp-json\/wp\/v2\/pages\/2641\/revisions"}],"predecessor-version":[{"id":2648,"href":"https:\/\/sevileskicioglu.av.tr\/de\/wp-json\/wp\/v2\/pages\/2641\/revisions\/2648"}],"wp:featuredmedia":[{"embeddable":true,"href":"https:\/\/sevileskicioglu.av.tr\/de\/wp-json\/wp\/v2\/media\/1999"}],"wp:attachment":[{"href":"https:\/\/sevileskicioglu.av.tr\/de\/wp-json\/wp\/v2\/media?parent=2641"}],"curies":[{"name":"wp","href":"https:\/\/api.w.org\/{rel}","templated":true}]}}