{"id":695,"date":"2019-08-20T12:23:36","date_gmt":"2019-08-20T12:23:36","guid":{"rendered":"https:\/\/matchthemes.com\/testin\/?page_id=695"},"modified":"2022-01-20T10:32:40","modified_gmt":"2022-01-20T07:32:40","slug":"ekibimiz","status":"publish","type":"page","link":"https:\/\/sevileskicioglu.av.tr\/de\/unser-team\/","title":{"rendered":"Unser Team"},"content":{"rendered":"<div data-elementor-type=\"wp-post\" data-elementor-id=\"695\" class=\"elementor elementor-695\">\n\t\t\t\t\t\t\t\t\t<section class=\"elementor-section elementor-top-section elementor-element elementor-element-78c54a0 elementor-section-boxed elementor-section-height-default elementor-section-height-default\" data-id=\"78c54a0\" data-element_type=\"section\">\n\t\t\t\t\t\t<div class=\"elementor-container elementor-column-gap-default\">\n\t\t\t\t\t<div class=\"elementor-column elementor-col-100 elementor-top-column elementor-element elementor-element-762060d\" data-id=\"762060d\" data-element_type=\"column\">\n\t\t\t<div class=\"elementor-widget-wrap elementor-element-populated\">\n\t\t\t\t\t\t\t\t<div class=\"elementor-element elementor-element-f3f3a2b elementor-widget elementor-widget-shortcode\" data-id=\"f3f3a2b\" data-element_type=\"widget\" data-widget_type=\"shortcode.default\">\n\t\t\t\t<div class=\"elementor-widget-container\">\n\t\t\t\t\t<div class=\"elementor-shortcode\"><div class=\"short_team\"><div class=\"row\"><div class=\"col-md-6\"><div class=\"lawyer-holder lawyer-2col\"><a href=\"https:\/\/sevileskicioglu.av.tr\/de\/team\/av-iris-muller\/\"><img loading=\"lazy\" decoding=\"async\" width=\"600\" height=\"550\" src=\"https:\/\/sevileskicioglu.av.tr\/wp-content\/uploads\/2023\/02\/iris_mueller-600x550.jpg\" class=\"img-fluid wp-post-image\" alt=\"Av. \u0130ris M\u00fcller\" srcset=\"https:\/\/sevileskicioglu.av.tr\/wp-content\/uploads\/2023\/02\/iris_mueller.jpg 600w, https:\/\/sevileskicioglu.av.tr\/wp-content\/uploads\/2023\/02\/iris_mueller-300x275.jpg 300w, https:\/\/sevileskicioglu.av.tr\/wp-content\/uploads\/2023\/02\/iris_mueller-13x12.jpg 13w\" sizes=\"auto, (max-width: 600px) 100vw, 600px\" \/><\/a><div class=\"lawyer-position\">Anwalt<\/div><h2 class=\"lawyer-title\"><a href=\"https:\/\/sevileskicioglu.av.tr\/de\/team\/av-iris-muller\/\">Av. \u0130ris M\u00fcller<\/a><\/h2><div class=\"lawyer-excerpt\">Marmara \u00dcniversitesi Hukuk Fak\u00fcltesi \/ Mu\u011fla (2015)<\/div><ul class=\"lawyer-social\"><li><a href=\"mailto: info@sevileskicioglu.av.tr\" target=\"_blank\"><i class=\"far fa-envelope\"><\/i><\/a><\/li><\/ul><\/div><\/div><div class=\"col-md-6\"><div class=\"lawyer-holder lawyer-2col\"><a href=\"https:\/\/sevileskicioglu.av.tr\/de\/team\/sevil-eskicioglu\/\"><img loading=\"lazy\" decoding=\"async\" width=\"600\" height=\"550\" src=\"https:\/\/sevileskicioglu.av.tr\/wp-content\/uploads\/2019\/08\/sevil-portre-son.jpg\" class=\"img-fluid wp-post-image\" alt=\"Rechtsanw\u00e4ltin Sevil Eskicio\u011flu\" srcset=\"https:\/\/sevileskicioglu.av.tr\/wp-content\/uploads\/2019\/08\/sevil-portre-son.jpg 600w, https:\/\/sevileskicioglu.av.tr\/wp-content\/uploads\/2019\/08\/sevil-portre-son-300x275.jpg 300w, https:\/\/sevileskicioglu.av.tr\/wp-content\/uploads\/2019\/08\/sevil-portre-son-13x12.jpg 13w\" sizes=\"auto, (max-width: 600px) 100vw, 600px\" \/><\/a><div class=\"lawyer-position\">Gr\u00fcndungspartner<\/div><h2 class=\"lawyer-title\"><a href=\"https:\/\/sevileskicioglu.av.tr\/de\/team\/sevil-eskicioglu\/\">Rechtsanw\u00e4ltin Sevil Eskicio\u011flu<\/a><\/h2><div class=\"lawyer-excerpt\">Universit\u00e4t Konstanz - 9 Eyl\u00fcl Universit\u00e4t \u0130zmir \/ Rechtsanwaltskammer M\u00fcnchen (2015) - Rechtsanwaltskammer \u0130stanbul (2020)<\/div><ul class=\"lawyer-social\"><li><a href=\" https:\/\/www.linkedin.com\/in\/avukat-rechtsanwaltin-sevil-e-7b644567\/ \" target=\"_blank\"><i class=\"fab fa-linkedin-in\"><\/i><\/a><\/li><li><a href=\"mailto: sevil@sevileskicioglu.av.tr\" target=\"_blank\"><i class=\"far fa-envelope\"><\/i><\/a><\/li><\/ul><\/div><\/div><div class=\"col-md-6\"><div class=\"lawyer-holder lawyer-2col\"><a href=\"https:\/\/sevileskicioglu.av.tr\/de\/team\/ata-gogus\/\"><img loading=\"lazy\" decoding=\"async\" width=\"600\" height=\"550\" src=\"https:\/\/sevileskicioglu.av.tr\/wp-content\/uploads\/2019\/08\/svl-ata.jpg\" class=\"img-fluid wp-post-image\" alt=\"Rechtsanwalt Ata G\u00f6\u011f\u00fc\u015f\" srcset=\"https:\/\/sevileskicioglu.av.tr\/wp-content\/uploads\/2019\/08\/svl-ata.jpg 600w, https:\/\/sevileskicioglu.av.tr\/wp-content\/uploads\/2019\/08\/svl-ata-300x275.jpg 300w, https:\/\/sevileskicioglu.av.tr\/wp-content\/uploads\/2019\/08\/svl-ata-13x12.jpg 13w\" sizes=\"auto, (max-width: 600px) 100vw, 600px\" \/><\/a><div class=\"lawyer-position\">Anwalt<\/div><h2 class=\"lawyer-title\"><a href=\"https:\/\/sevileskicioglu.av.tr\/de\/team\/ata-gogus\/\">Rechtsanwalt Ata G\u00f6\u011f\u00fc\u015f<\/a><\/h2><div class=\"lawyer-excerpt\">T\u00fcrk Alman \u00dcniversitesi \/ Rechtsanwaltskammer \u0130stanbul (2021)<\/div><ul class=\"lawyer-social\"><li><a href=\" https:\/\/www.linkedin.com\/in\/ata-g%C3%B6%C4%9F%C3%BC%C5%9F-994145135\/ \" target=\"_blank\"><i class=\"fab fa-linkedin-in\"><\/i><\/a><\/li><li><a href=\"mailto: ata.gogus@sevileskicioglu.av.tr\" target=\"_blank\"><i class=\"far fa-envelope\"><\/i><\/a><\/li><\/ul><\/div><\/div><\/div><\/div><\/div>\n\t\t\t\t<\/div>\n\t\t\t\t<\/div>\n\t\t\t\t\t<\/div>\n\t\t<\/div>\n\t\t\t\t\t\t\t<\/div>\n\t\t<\/section>\n\t\t\t\t<section class=\"elementor-section elementor-top-section elementor-element elementor-element-6773ccb elementor-section-content-middle hide-section elementor-section-boxed elementor-section-height-default elementor-section-height-default\" data-id=\"6773ccb\" data-element_type=\"section\" data-settings=\"{&quot;background_background&quot;:&quot;classic&quot;}\">\n\t\t\t\t\t\t\t<div class=\"elementor-background-overlay\"><\/div>\n\t\t\t\t\t\t\t<div class=\"elementor-container elementor-column-gap-default\">\n\t\t\t\t\t<div class=\"elementor-column elementor-col-100 elementor-top-column elementor-element elementor-element-1ef3f2d\" data-id=\"1ef3f2d\" data-element_type=\"column\">\n\t\t\t<div class=\"elementor-widget-wrap elementor-element-populated\">\n\t\t\t\t\t\t\t\t<div class=\"elementor-element elementor-element-11e3cd1 heading-subtitle elementor-widget elementor-widget-heading\" data-id=\"11e3cd1\" data-element_type=\"widget\" data-widget_type=\"heading.default\">\n\t\t\t\t<div class=\"elementor-widget-container\">\n\t\t\t<style>\/*! elementor - v3.10.2 - 29-01-2023 *\/\n.elementor-heading-title{padding:0;margin:0;line-height:1}.elementor-widget-heading .elementor-heading-title[class*=elementor-size-]>a{color:inherit;font-size:inherit;line-height:inherit}.elementor-widget-heading .elementor-heading-title.elementor-size-small{font-size:15px}.elementor-widget-heading .elementor-heading-title.elementor-size-medium{font-size:19px}.elementor-widget-heading .elementor-heading-title.elementor-size-large{font-size:29px}.elementor-widget-heading .elementor-heading-title.elementor-size-xl{font-size:39px}.elementor-widget-heading .elementor-heading-title.elementor-size-xxl{font-size:59px}<\/style><span class=\"elementor-heading-title elementor-size-default\">Bizimle \u00c7al\u0131\u015fmak \u0130ster Misiniz?<\/span>\t\t<\/div>\n\t\t\t\t<\/div>\n\t\t\t\t<div class=\"elementor-element elementor-element-6afe629 heading-title elementor-widget elementor-widget-heading\" data-id=\"6afe629\" data-element_type=\"widget\" data-widget_type=\"heading.default\">\n\t\t\t\t<div class=\"elementor-widget-container\">\n\t\t\t<h2 class=\"elementor-heading-title elementor-size-default\">Yeni \u00e7al\u0131\u015fma arkada\u015flar\u0131na a\u00e7\u0131\u011f\u0131z.<\/h2>\t\t<\/div>\n\t\t\t\t<\/div>\n\t\t\t\t<div class=\"elementor-element elementor-element-b748d4c elementor-widget elementor-widget-heading\" data-id=\"b748d4c\" data-element_type=\"widget\" data-widget_type=\"heading.default\">\n\t\t\t\t<div class=\"elementor-widget-container\">\n\t\t\t<p class=\"elementor-heading-title elementor-size-default\">Tecr\u00fcbemiz ile kendi tecr\u00fcbesini geni\u015fletmek isteyen ve kendi tecr\u00fcbelerini bize katarak b\u00fcy\u00fcmemize yard\u0131mc\u0131 olacak \u00e7al\u0131\u015fma arkada\u015flar\u0131na her daim kap\u0131m\u0131z a\u00e7\u0131k.\n<\/p>\t\t<\/div>\n\t\t\t\t<\/div>\n\t\t\t\t<div class=\"elementor-element elementor-element-5e38c9b elementor-widget elementor-widget-button\" data-id=\"5e38c9b\" data-element_type=\"widget\" data-widget_type=\"button.default\">\n\t\t\t\t<div class=\"elementor-widget-container\">\n\t\t\t\t\t<div class=\"elementor-button-wrapper\">\n\t\t\t<a href=\"https:\/\/sevileskicioglu.av.tr\/de\/kontakt\/\" class=\"elementor-button-link elementor-button elementor-size-sm\" role=\"button\">\n\t\t\t\t\t\t<span class=\"elementor-button-content-wrapper\">\n\t\t\t\t\t\t<span class=\"elementor-button-text\">Kontakt<\/span>\n\t\t<\/span>\n\t\t\t\t\t<\/a>\n\t\t<\/div>\n\t\t\t\t<\/div>\n\t\t\t\t<\/div>\n\t\t\t\t\t<\/div>\n\t\t<\/div>\n\t\t\t\t\t\t\t<\/div>\n\t\t<\/section>\n\t\t\t\t\t\t\t<\/div>","protected":false},"excerpt":{"rendered":"<p>Bizimle \u00c7al\u0131\u015fmak \u0130ster Misiniz? Yeni \u00e7al\u0131\u015fma arkada\u015flar\u0131na a\u00e7\u0131\u011f\u0131z. Tecr\u00fcbemiz ile kendi tecr\u00fcbesini geni\u015fletmek isteyen ve kendi tecr\u00fcbelerini bize katarak b\u00fcy\u00fcmemize yard\u0131mc\u0131 olacak \u00e7al\u0131\u015fma arkada\u015flar\u0131na her daim kap\u0131m\u0131z a\u00e7\u0131k. \u0130leti\u015fim<\/p>","protected":false},"author":1,"featured_media":2002,"parent":0,"menu_order":0,"comment_status":"closed","ping_status":"closed","template":"my-templates\/template-fullscreen.php","meta":{"footnotes":""},"class_list":["post-695","page","type-page","status-publish","has-post-thumbnail","hentry"],"_links":{"self":[{"href":"https:\/\/sevileskicioglu.av.tr\/de\/wp-json\/wp\/v2\/pages\/695","targetHints":{"allow":["GET"]}}],"collection":[{"href":"https:\/\/sevileskicioglu.av.tr\/de\/wp-json\/wp\/v2\/pages"}],"about":[{"href":"https:\/\/sevileskicioglu.av.tr\/de\/wp-json\/wp\/v2\/types\/page"}],"author":[{"embeddable":true,"href":"https:\/\/sevileskicioglu.av.tr\/de\/wp-json\/wp\/v2\/users\/1"}],"replies":[{"embeddable":true,"href":"https:\/\/sevileskicioglu.av.tr\/de\/wp-json\/wp\/v2\/comments?post=695"}],"version-history":[{"count":11,"href":"https:\/\/sevileskicioglu.av.tr\/de\/wp-json\/wp\/v2\/pages\/695\/revisions"}],"predecessor-version":[{"id":2406,"href":"https:\/\/sevileskicioglu.av.tr\/de\/wp-json\/wp\/v2\/pages\/695\/revisions\/2406"}],"wp:featuredmedia":[{"embeddable":true,"href":"https:\/\/sevileskicioglu.av.tr\/de\/wp-json\/wp\/v2\/media\/2002"}],"wp:attachment":[{"href":"https:\/\/sevileskicioglu.av.tr\/de\/wp-json\/wp\/v2\/media?parent=695"}],"curies":[{"name":"wp","href":"https:\/\/api.w.org\/{rel}","templated":true}]}}