{"id":742,"date":"2019-08-20T13:49:40","date_gmt":"2019-08-20T13:49:40","guid":{"rendered":"https:\/\/matchthemes.com\/testin\/?page_id=742"},"modified":"2022-01-14T10:48:56","modified_gmt":"2022-01-14T07:48:56","slug":"faaliyet-alanlarimiz","status":"publish","type":"page","link":"https:\/\/sevileskicioglu.av.tr\/de\/kompetenzen\/","title":{"rendered":"Kompetenzen"},"content":{"rendered":"<div data-elementor-type=\"wp-post\" data-elementor-id=\"742\" class=\"elementor elementor-742\">\n\t\t\t\t\t\t\t\t\t<section class=\"elementor-section elementor-top-section elementor-element elementor-element-d04622f elementor-section-boxed elementor-section-height-default elementor-section-height-default\" data-id=\"d04622f\" data-element_type=\"section\">\n\t\t\t\t\t\t<div class=\"elementor-container elementor-column-gap-default\">\n\t\t\t\t\t<div class=\"elementor-column elementor-col-100 elementor-top-column elementor-element elementor-element-3b57905\" data-id=\"3b57905\" data-element_type=\"column\">\n\t\t\t<div class=\"elementor-widget-wrap elementor-element-populated\">\n\t\t\t\t\t\t\t\t<div class=\"elementor-element elementor-element-e5ae3d9 elementor-widget elementor-widget-shortcode\" data-id=\"e5ae3d9\" data-element_type=\"widget\" data-widget_type=\"shortcode.default\">\n\t\t\t\t<div class=\"elementor-widget-container\">\n\t\t\t\t\t<div class=\"elementor-shortcode\"><div class=\"short_practice_areas_image\"><div class=\"row practice-items-holder-v2\"><div class=\"col-lg-3 col-md-6\"><div class=\"practice-item-v2\"><a href=\"https:\/\/sevileskicioglu.av.tr\/de\/practice-items\/auslanderrecht\/\"><div class=\"post-image\"><img loading=\"lazy\" decoding=\"async\" width=\"600\" height=\"400\" src=\"https:\/\/sevileskicioglu.av.tr\/wp-content\/uploads\/2022\/01\/sevil-yabancilar-600x400.jpg\" class=\"img-fluid wp-post-image\" alt=\"\" srcset=\"https:\/\/sevileskicioglu.av.tr\/wp-content\/uploads\/2022\/01\/sevil-yabancilar-600x400.jpg 600w, https:\/\/sevileskicioglu.av.tr\/wp-content\/uploads\/2022\/01\/sevil-yabancilar-300x200.jpg 300w, https:\/\/sevileskicioglu.av.tr\/wp-content\/uploads\/2022\/01\/sevil-yabancilar-1024x683.jpg 1024w, https:\/\/sevileskicioglu.av.tr\/wp-content\/uploads\/2022\/01\/sevil-yabancilar-768x512.jpg 768w, https:\/\/sevileskicioglu.av.tr\/wp-content\/uploads\/2022\/01\/sevil-yabancilar.jpg 1200w\" sizes=\"auto, (max-width: 600px) 100vw, 600px\" \/><\/div><\/a><h5 class=\"practice-title-v2\"><a href=\"https:\/\/sevileskicioglu.av.tr\/de\/practice-items\/auslanderrecht\/\">Ausl\u00e4nderrecht<\/a><\/h5><div class=\"practice-excerpt\">Antragstellung und Nachverfolgung bei den zust\u00e4ndigen Beh\u00f6rden f\u00fcr die Erhaltung des Aufenthaltstitel<\/div><a class=\"read-more\" href=\"https:\/\/sevileskicioglu.av.tr\/de\/practice-items\/auslanderrecht\/\">Learn More<\/a><\/div><\/div><div class=\"col-lg-3 col-md-6\"><div class=\"practice-item-v2\"><a href=\"https:\/\/sevileskicioglu.av.tr\/de\/practice-items\/arbeitsrecht\/\"><div class=\"post-image\"><img loading=\"lazy\" decoding=\"async\" width=\"600\" height=\"400\" src=\"https:\/\/sevileskicioglu.av.tr\/wp-content\/uploads\/2022\/01\/sevil-is-600x400.jpg\" class=\"img-fluid wp-post-image\" alt=\"\" srcset=\"https:\/\/sevileskicioglu.av.tr\/wp-content\/uploads\/2022\/01\/sevil-is-600x400.jpg 600w, https:\/\/sevileskicioglu.av.tr\/wp-content\/uploads\/2022\/01\/sevil-is-300x200.jpg 300w, https:\/\/sevileskicioglu.av.tr\/wp-content\/uploads\/2022\/01\/sevil-is-1024x683.jpg 1024w, https:\/\/sevileskicioglu.av.tr\/wp-content\/uploads\/2022\/01\/sevil-is-768x512.jpg 768w, https:\/\/sevileskicioglu.av.tr\/wp-content\/uploads\/2022\/01\/sevil-is.jpg 1200w\" sizes=\"auto, (max-width: 600px) 100vw, 600px\" \/><\/div><\/a><h5 class=\"practice-title-v2\"><a href=\"https:\/\/sevileskicioglu.av.tr\/de\/practice-items\/arbeitsrecht\/\">Arbeitsrecht<\/a><\/h5><div class=\"practice-excerpt\">Sevil Eskicio\u011flu Law Firm bietet au\u00dferdem professionelle Rechtsberatung und juristische Dienstleistung bei Erstellen von Vertr\u00e4gen bez\u00fcglich des deutschen oder t\u00fcrkischen Rechts<\/div><a class=\"read-more\" href=\"https:\/\/sevileskicioglu.av.tr\/de\/practice-items\/arbeitsrecht\/\">Learn More<\/a><\/div><\/div><div class=\"col-lg-3 col-md-6\"><div class=\"practice-item-v2\"><a href=\"https:\/\/sevileskicioglu.av.tr\/de\/practice-items\/handelsrecht\/\"><div class=\"post-image\"><img loading=\"lazy\" decoding=\"async\" width=\"600\" height=\"400\" src=\"https:\/\/sevileskicioglu.av.tr\/wp-content\/uploads\/2022\/01\/sevil-ticaret-600x400.jpg\" class=\"img-fluid wp-post-image\" alt=\"\" srcset=\"https:\/\/sevileskicioglu.av.tr\/wp-content\/uploads\/2022\/01\/sevil-ticaret-600x400.jpg 600w, https:\/\/sevileskicioglu.av.tr\/wp-content\/uploads\/2022\/01\/sevil-ticaret-300x200.jpg 300w, https:\/\/sevileskicioglu.av.tr\/wp-content\/uploads\/2022\/01\/sevil-ticaret-1024x683.jpg 1024w, https:\/\/sevileskicioglu.av.tr\/wp-content\/uploads\/2022\/01\/sevil-ticaret-768x512.jpg 768w, https:\/\/sevileskicioglu.av.tr\/wp-content\/uploads\/2022\/01\/sevil-ticaret.jpg 1200w\" sizes=\"auto, (max-width: 600px) 100vw, 600px\" \/><\/div><\/a><h5 class=\"practice-title-v2\"><a href=\"https:\/\/sevileskicioglu.av.tr\/de\/practice-items\/handelsrecht\/\">Handelsrecht<\/a><\/h5><div class=\"practice-excerpt\">Sevil Eskicio\u011flu Law Firm vertritt ihre Mandanten auf nationaler und internationaler Ebene durch langj\u00e4hrige Erfahrung im deutschen und t\u00fcrkischen Recht.<\/div><a class=\"read-more\" href=\"https:\/\/sevileskicioglu.av.tr\/de\/practice-items\/handelsrecht\/\">Learn More<\/a><\/div><\/div><div class=\"col-lg-3 col-md-6\"><div class=\"practice-item-v2\"><a href=\"https:\/\/sevileskicioglu.av.tr\/de\/practice-items\/zwangsvollstreckungsrecht\/\"><div class=\"post-image\"><img loading=\"lazy\" decoding=\"async\" width=\"600\" height=\"400\" src=\"https:\/\/sevileskicioglu.av.tr\/wp-content\/uploads\/2022\/01\/sevil-iflas-600x400.jpg\" class=\"img-fluid wp-post-image\" alt=\"\" srcset=\"https:\/\/sevileskicioglu.av.tr\/wp-content\/uploads\/2022\/01\/sevil-iflas-600x400.jpg 600w, https:\/\/sevileskicioglu.av.tr\/wp-content\/uploads\/2022\/01\/sevil-iflas-300x200.jpg 300w, https:\/\/sevileskicioglu.av.tr\/wp-content\/uploads\/2022\/01\/sevil-iflas-1024x683.jpg 1024w, https:\/\/sevileskicioglu.av.tr\/wp-content\/uploads\/2022\/01\/sevil-iflas-768x512.jpg 768w, https:\/\/sevileskicioglu.av.tr\/wp-content\/uploads\/2022\/01\/sevil-iflas.jpg 1200w\" sizes=\"auto, (max-width: 600px) 100vw, 600px\" \/><\/div><\/a><h5 class=\"practice-title-v2\"><a href=\"https:\/\/sevileskicioglu.av.tr\/de\/practice-items\/zwangsvollstreckungsrecht\/\">Zwangsvollstreckungsrecht<\/a><\/h5><div class=\"practice-excerpt\">Als Sevil Eskicioglu Law Firm f\u00fchren wir umfangreiche Recherchen auf dem Gebiet des Zwangsvollstreckungsrechts durch, um alle Verm\u00f6genswerte, bewegliches und<\/div><a class=\"read-more\" href=\"https:\/\/sevileskicioglu.av.tr\/de\/practice-items\/zwangsvollstreckungsrecht\/\">Learn More<\/a><\/div><\/div><div class=\"col-lg-3 col-md-6\"><div class=\"practice-item-v2\"><a href=\"https:\/\/sevileskicioglu.av.tr\/de\/practice-items\/medizinrecht\/\"><div class=\"post-image\"><img loading=\"lazy\" decoding=\"async\" width=\"600\" height=\"400\" src=\"https:\/\/sevileskicioglu.av.tr\/wp-content\/uploads\/2022\/01\/sevil-tip-600x400.jpg\" class=\"img-fluid wp-post-image\" alt=\"\" srcset=\"https:\/\/sevileskicioglu.av.tr\/wp-content\/uploads\/2022\/01\/sevil-tip-600x400.jpg 600w, https:\/\/sevileskicioglu.av.tr\/wp-content\/uploads\/2022\/01\/sevil-tip-300x200.jpg 300w, https:\/\/sevileskicioglu.av.tr\/wp-content\/uploads\/2022\/01\/sevil-tip-1024x683.jpg 1024w, https:\/\/sevileskicioglu.av.tr\/wp-content\/uploads\/2022\/01\/sevil-tip-768x512.jpg 768w, https:\/\/sevileskicioglu.av.tr\/wp-content\/uploads\/2022\/01\/sevil-tip.jpg 1200w\" sizes=\"auto, (max-width: 600px) 100vw, 600px\" \/><\/div><\/a><h5 class=\"practice-title-v2\"><a href=\"https:\/\/sevileskicioglu.av.tr\/de\/practice-items\/medizinrecht\/\">Medizinrecht<\/a><\/h5><div class=\"practice-excerpt\">Im Bereich des Arzthaftungsrechts steht die Frage im Vordergrund, ob das vom Patienten beanstandete Ergebnis einer \u00e4rztlichen Behandlung auf einen schuldhaften \u00e4rztlichen<\/div><a class=\"read-more\" href=\"https:\/\/sevileskicioglu.av.tr\/de\/practice-items\/medizinrecht\/\">Learn More<\/a><\/div><\/div><div class=\"col-lg-3 col-md-6\"><div class=\"practice-item-v2\"><a href=\"https:\/\/sevileskicioglu.av.tr\/de\/practice-items\/familienrecht\/\"><div class=\"post-image\"><img loading=\"lazy\" decoding=\"async\" width=\"600\" height=\"400\" src=\"https:\/\/sevileskicioglu.av.tr\/wp-content\/uploads\/2022\/02\/sevil-aile-hukuku-600x400.jpg\" class=\"img-fluid wp-post-image\" alt=\"\" srcset=\"https:\/\/sevileskicioglu.av.tr\/wp-content\/uploads\/2022\/02\/sevil-aile-hukuku-600x400.jpg 600w, https:\/\/sevileskicioglu.av.tr\/wp-content\/uploads\/2022\/02\/sevil-aile-hukuku-300x200.jpg 300w, https:\/\/sevileskicioglu.av.tr\/wp-content\/uploads\/2022\/02\/sevil-aile-hukuku-1024x683.jpg 1024w, https:\/\/sevileskicioglu.av.tr\/wp-content\/uploads\/2022\/02\/sevil-aile-hukuku-768x512.jpg 768w, https:\/\/sevileskicioglu.av.tr\/wp-content\/uploads\/2022\/02\/sevil-aile-hukuku-18x12.jpg 18w, https:\/\/sevileskicioglu.av.tr\/wp-content\/uploads\/2022\/02\/sevil-aile-hukuku.jpg 1200w\" sizes=\"auto, (max-width: 600px) 100vw, 600px\" \/><\/div><\/a><h5 class=\"practice-title-v2\"><a href=\"https:\/\/sevileskicioglu.av.tr\/de\/practice-items\/familienrecht\/\">Familienrecht<\/a><\/h5><div class=\"practice-excerpt\">Das Familienrecht regelt die Rechte, Pflichten und Verantwortlichkeiten von nat\u00fcrlichen Personen vom Familienangeh\u00f6rigen. Sevil Eskicio\u011flu Law Firm bietet Rechtsdienstleistungen bei rechtlichen Familienstreitigkeiten von nat\u00fcrlichen Personen, die der gleichen oder unterschiedlichen Staatsb\u00fcrgerschaften angeh\u00f6ren.<\/div><a class=\"read-more\" href=\"https:\/\/sevileskicioglu.av.tr\/de\/practice-items\/familienrecht\/\">Learn More<\/a><\/div><\/div><div class=\"col-lg-3 col-md-6\"><div class=\"practice-item-v2\"><a href=\"https:\/\/sevileskicioglu.av.tr\/de\/practice-items\/internationale-forderungsverfolgung-und-streitbeilegung\/\"><div class=\"post-image\"><img loading=\"lazy\" decoding=\"async\" width=\"600\" height=\"400\" src=\"https:\/\/sevileskicioglu.av.tr\/wp-content\/uploads\/2022\/01\/sevil-alacaktakibi-600x400.jpg\" class=\"img-fluid wp-post-image\" alt=\"\" srcset=\"https:\/\/sevileskicioglu.av.tr\/wp-content\/uploads\/2022\/01\/sevil-alacaktakibi-600x400.jpg 600w, https:\/\/sevileskicioglu.av.tr\/wp-content\/uploads\/2022\/01\/sevil-alacaktakibi-300x200.jpg 300w, https:\/\/sevileskicioglu.av.tr\/wp-content\/uploads\/2022\/01\/sevil-alacaktakibi-1024x683.jpg 1024w, https:\/\/sevileskicioglu.av.tr\/wp-content\/uploads\/2022\/01\/sevil-alacaktakibi-768x512.jpg 768w, https:\/\/sevileskicioglu.av.tr\/wp-content\/uploads\/2022\/01\/sevil-alacaktakibi.jpg 1200w\" sizes=\"auto, (max-width: 600px) 100vw, 600px\" \/><\/div><\/a><h5 class=\"practice-title-v2\"><a href=\"https:\/\/sevileskicioglu.av.tr\/de\/practice-items\/internationale-forderungsverfolgung-und-streitbeilegung\/\">Internationale Forderungsverfolgung und Streitbeilegung<\/a><\/h5><div class=\"practice-excerpt\">Ziel der Sevil Eskicio\u011flu Law Firm ist es Streitbeilegungen mit den geringsten Kosten und friedlich abzuschlie\u00dfen.<\/div><a class=\"read-more\" href=\"https:\/\/sevileskicioglu.av.tr\/de\/practice-items\/internationale-forderungsverfolgung-und-streitbeilegung\/\">Learn More<\/a><\/div><\/div><div class=\"col-lg-3 col-md-6\"><div class=\"practice-item-v2\"><a href=\"https:\/\/sevileskicioglu.av.tr\/de\/practice-items\/erbrecht\/\"><div class=\"post-image\"><img loading=\"lazy\" decoding=\"async\" width=\"600\" height=\"400\" src=\"https:\/\/sevileskicioglu.av.tr\/wp-content\/uploads\/2022\/02\/sevil-miras-hukuku-600x400.jpg\" class=\"img-fluid wp-post-image\" alt=\"\" srcset=\"https:\/\/sevileskicioglu.av.tr\/wp-content\/uploads\/2022\/02\/sevil-miras-hukuku-600x400.jpg 600w, https:\/\/sevileskicioglu.av.tr\/wp-content\/uploads\/2022\/02\/sevil-miras-hukuku-300x200.jpg 300w, https:\/\/sevileskicioglu.av.tr\/wp-content\/uploads\/2022\/02\/sevil-miras-hukuku-1024x683.jpg 1024w, https:\/\/sevileskicioglu.av.tr\/wp-content\/uploads\/2022\/02\/sevil-miras-hukuku-768x512.jpg 768w, https:\/\/sevileskicioglu.av.tr\/wp-content\/uploads\/2022\/02\/sevil-miras-hukuku-18x12.jpg 18w, https:\/\/sevileskicioglu.av.tr\/wp-content\/uploads\/2022\/02\/sevil-miras-hukuku.jpg 1200w\" sizes=\"auto, (max-width: 600px) 100vw, 600px\" \/><\/div><\/a><h5 class=\"practice-title-v2\"><a href=\"https:\/\/sevileskicioglu.av.tr\/de\/practice-items\/erbrecht\/\">Erbrecht<\/a><\/h5><div class=\"practice-excerpt\">Das Erbrecht befasst sich mit der Verm\u00f6gensnachfolge eines Menschen. Mit dem Tode des Erblassers geht dessen Verm\u00f6gen als Ganzes auf einen oder mehrere Erben \u00fcber.<\/div><a class=\"read-more\" href=\"https:\/\/sevileskicioglu.av.tr\/de\/practice-items\/erbrecht\/\">Learn More<\/a><\/div><\/div><div class=\"col-lg-3 col-md-6\"><div class=\"practice-item-v2\"><a href=\"https:\/\/sevileskicioglu.av.tr\/de\/practice-items\/auslandische-investitionen-immobilienerwerb-und-firmengrundungsvorgange\/\"><div class=\"post-image\"><img loading=\"lazy\" decoding=\"async\" width=\"600\" height=\"400\" src=\"https:\/\/sevileskicioglu.av.tr\/wp-content\/uploads\/2022\/01\/sevil-yurtdisi-600x400.jpg\" class=\"img-fluid wp-post-image\" alt=\"\" srcset=\"https:\/\/sevileskicioglu.av.tr\/wp-content\/uploads\/2022\/01\/sevil-yurtdisi-600x400.jpg 600w, https:\/\/sevileskicioglu.av.tr\/wp-content\/uploads\/2022\/01\/sevil-yurtdisi-300x200.jpg 300w, https:\/\/sevileskicioglu.av.tr\/wp-content\/uploads\/2022\/01\/sevil-yurtdisi-1024x683.jpg 1024w, https:\/\/sevileskicioglu.av.tr\/wp-content\/uploads\/2022\/01\/sevil-yurtdisi-768x512.jpg 768w, https:\/\/sevileskicioglu.av.tr\/wp-content\/uploads\/2022\/01\/sevil-yurtdisi.jpg 1200w\" sizes=\"auto, (max-width: 600px) 100vw, 600px\" \/><\/div><\/a><h5 class=\"practice-title-v2\"><a href=\"https:\/\/sevileskicioglu.av.tr\/de\/practice-items\/auslandische-investitionen-immobilienerwerb-und-firmengrundungsvorgange\/\">Ausl\u00e4ndische Investitionen, Immobilienerwerb und Firmengr\u00fcndungsvorg\u00e4nge<\/a><\/h5><div class=\"practice-excerpt\">Sevil Eskicio\u011flu Law Firm bietet rechtliche Unterst\u00fctzung f\u00fcr national oder international vorhandene B\u00fcros, Firmengr\u00fcndung mit Verbindungsb\u00fcros in Deutschland, Slowakei, Schweiz und \u00d6sterreich, bei Immobilien und alle Arten von Anlagem\u00f6glichkeiten an.<\/div><a class=\"read-more\" href=\"https:\/\/sevileskicioglu.av.tr\/de\/practice-items\/auslandische-investitionen-immobilienerwerb-und-firmengrundungsvorgange\/\">Learn More<\/a><\/div><\/div><div class=\"col-lg-3 col-md-6\"><div class=\"practice-item-v2\"><a href=\"https:\/\/sevileskicioglu.av.tr\/de\/practice-items\/internationales-handelsrecht\/\"><div class=\"post-image\"><img loading=\"lazy\" decoding=\"async\" width=\"600\" height=\"400\" src=\"https:\/\/sevileskicioglu.av.tr\/wp-content\/uploads\/2022\/01\/sevil-uluslararasi-600x400.jpg\" class=\"img-fluid wp-post-image\" alt=\"\" srcset=\"https:\/\/sevileskicioglu.av.tr\/wp-content\/uploads\/2022\/01\/sevil-uluslararasi-600x400.jpg 600w, https:\/\/sevileskicioglu.av.tr\/wp-content\/uploads\/2022\/01\/sevil-uluslararasi-300x200.jpg 300w, https:\/\/sevileskicioglu.av.tr\/wp-content\/uploads\/2022\/01\/sevil-uluslararasi-1024x683.jpg 1024w, https:\/\/sevileskicioglu.av.tr\/wp-content\/uploads\/2022\/01\/sevil-uluslararasi-768x512.jpg 768w, https:\/\/sevileskicioglu.av.tr\/wp-content\/uploads\/2022\/01\/sevil-uluslararasi.jpg 1200w\" sizes=\"auto, (max-width: 600px) 100vw, 600px\" \/><\/div><\/a><h5 class=\"practice-title-v2\"><a href=\"https:\/\/sevileskicioglu.av.tr\/de\/practice-items\/internationales-handelsrecht\/\">Internationales Handelsrecht<\/a><\/h5><div class=\"practice-excerpt\">Sevil Eskicio\u011flu Law Firm beratet mit ihren erfahrenen Anw\u00e4lten auf internationalen und ausl\u00e4ndischen Ebenen ihre Mandanten auf t\u00fcrkisch, deutsch und englisch bei Handelsbeziehungen zwischen in- und ausl\u00e4ndischen Unternehmen, Schlie\u00dfung von<\/div><a class=\"read-more\" href=\"https:\/\/sevileskicioglu.av.tr\/de\/practice-items\/internationales-handelsrecht\/\">Learn More<\/a><\/div><\/div><div class=\"col-lg-3 col-md-6\"><div class=\"practice-item-v2\"><a href=\"https:\/\/sevileskicioglu.av.tr\/de\/practice-items\/gesellschaftsrecht\/\"><div class=\"post-image\"><img loading=\"lazy\" decoding=\"async\" width=\"600\" height=\"400\" src=\"https:\/\/sevileskicioglu.av.tr\/wp-content\/uploads\/2022\/01\/sevil-sirketler-600x400.jpg\" class=\"img-fluid wp-post-image\" alt=\"\" srcset=\"https:\/\/sevileskicioglu.av.tr\/wp-content\/uploads\/2022\/01\/sevil-sirketler-600x400.jpg 600w, https:\/\/sevileskicioglu.av.tr\/wp-content\/uploads\/2022\/01\/sevil-sirketler-300x200.jpg 300w, https:\/\/sevileskicioglu.av.tr\/wp-content\/uploads\/2022\/01\/sevil-sirketler-1024x683.jpg 1024w, https:\/\/sevileskicioglu.av.tr\/wp-content\/uploads\/2022\/01\/sevil-sirketler-768x512.jpg 768w, https:\/\/sevileskicioglu.av.tr\/wp-content\/uploads\/2022\/01\/sevil-sirketler.jpg 1200w\" sizes=\"auto, (max-width: 600px) 100vw, 600px\" \/><\/div><\/a><h5 class=\"practice-title-v2\"><a href=\"https:\/\/sevileskicioglu.av.tr\/de\/practice-items\/gesellschaftsrecht\/\">Gesellschaftsrecht<\/a><\/h5><div class=\"practice-excerpt\">Sevil Eskicio\u011flu Law Firm bietet Rechtsberatung f\u00fcr Projekte f\u00fcr Unternehmen mit einem Sitz in Deutschland oder in der T\u00fcrkei, ordentliche und au\u00dferordentliche<\/div><a class=\"read-more\" href=\"https:\/\/sevileskicioglu.av.tr\/de\/practice-items\/gesellschaftsrecht\/\">Learn More<\/a><\/div><\/div><div class=\"col-lg-3 col-md-6\"><div class=\"practice-item-v2\"><a href=\"https:\/\/sevileskicioglu.av.tr\/de\/practice-items\/vertragsrecht\/\"><div class=\"post-image\"><img loading=\"lazy\" decoding=\"async\" width=\"600\" height=\"400\" src=\"https:\/\/sevileskicioglu.av.tr\/wp-content\/uploads\/2022\/01\/sevil-sozlesmeler-600x400.jpg\" class=\"img-fluid wp-post-image\" alt=\"\" srcset=\"https:\/\/sevileskicioglu.av.tr\/wp-content\/uploads\/2022\/01\/sevil-sozlesmeler-600x400.jpg 600w, https:\/\/sevileskicioglu.av.tr\/wp-content\/uploads\/2022\/01\/sevil-sozlesmeler-300x200.jpg 300w, https:\/\/sevileskicioglu.av.tr\/wp-content\/uploads\/2022\/01\/sevil-sozlesmeler-1024x683.jpg 1024w, https:\/\/sevileskicioglu.av.tr\/wp-content\/uploads\/2022\/01\/sevil-sozlesmeler-768x512.jpg 768w, https:\/\/sevileskicioglu.av.tr\/wp-content\/uploads\/2022\/01\/sevil-sozlesmeler.jpg 1200w\" sizes=\"auto, (max-width: 600px) 100vw, 600px\" \/><\/div><\/a><h5 class=\"practice-title-v2\"><a href=\"https:\/\/sevileskicioglu.av.tr\/de\/practice-items\/vertragsrecht\/\">Vertragsrecht<\/a><\/h5><div class=\"practice-excerpt\">Ein Vertrag ist ein Gesch\u00e4ft von zwei oder mehreren Personen oder Organisationen mit \u00fcbereinstimmenden Willenserkl\u00e4rungen, um ein rechtliches Ergebnis zu erzielen.<\/div><a class=\"read-more\" href=\"https:\/\/sevileskicioglu.av.tr\/de\/practice-items\/vertragsrecht\/\">Learn More<\/a><\/div><\/div><div class=\"col-lg-3 col-md-6\"><div class=\"practice-item-v2\"><a href=\"https:\/\/sevileskicioglu.av.tr\/de\/practice-items\/messeberatung\/\"><div class=\"post-image\"><img loading=\"lazy\" decoding=\"async\" width=\"600\" height=\"400\" src=\"https:\/\/sevileskicioglu.av.tr\/wp-content\/uploads\/2019\/01\/sevil-fuar-600x400.jpg\" class=\"img-fluid wp-post-image\" alt=\"\" srcset=\"https:\/\/sevileskicioglu.av.tr\/wp-content\/uploads\/2019\/01\/sevil-fuar-600x400.jpg 600w, https:\/\/sevileskicioglu.av.tr\/wp-content\/uploads\/2019\/01\/sevil-fuar-300x200.jpg 300w, https:\/\/sevileskicioglu.av.tr\/wp-content\/uploads\/2019\/01\/sevil-fuar-1024x683.jpg 1024w, https:\/\/sevileskicioglu.av.tr\/wp-content\/uploads\/2019\/01\/sevil-fuar-768x512.jpg 768w, https:\/\/sevileskicioglu.av.tr\/wp-content\/uploads\/2019\/01\/sevil-fuar.jpg 1200w\" sizes=\"auto, (max-width: 600px) 100vw, 600px\" \/><\/div><\/a><h5 class=\"practice-title-v2\"><a href=\"https:\/\/sevileskicioglu.av.tr\/de\/practice-items\/messeberatung\/\">Messeberatung<\/a><\/h5><div class=\"practice-excerpt\">Die Teilnahme an nationalen und internationalen Messen und Beratung der Messeteilnehmer ist f\u00fcr Sevil Eskicio\u011flu Law Firm eines der wichtigsten Fachgebiete.<\/div><a class=\"read-more\" href=\"https:\/\/sevileskicioglu.av.tr\/de\/practice-items\/messeberatung\/\">Learn More<\/a><\/div><\/div><div class=\"col-lg-3 col-md-6\"><div class=\"practice-item-v2\"><a href=\"https:\/\/sevileskicioglu.av.tr\/de\/practice-items\/wettbewerbsrecht\/\"><div class=\"post-image\"><img loading=\"lazy\" decoding=\"async\" width=\"600\" height=\"400\" src=\"https:\/\/sevileskicioglu.av.tr\/wp-content\/uploads\/2019\/01\/sevil-rekabet-600x400.jpg\" class=\"img-fluid wp-post-image\" alt=\"\" srcset=\"https:\/\/sevileskicioglu.av.tr\/wp-content\/uploads\/2019\/01\/sevil-rekabet-600x400.jpg 600w, https:\/\/sevileskicioglu.av.tr\/wp-content\/uploads\/2019\/01\/sevil-rekabet-300x200.jpg 300w, https:\/\/sevileskicioglu.av.tr\/wp-content\/uploads\/2019\/01\/sevil-rekabet-1024x683.jpg 1024w, https:\/\/sevileskicioglu.av.tr\/wp-content\/uploads\/2019\/01\/sevil-rekabet-768x512.jpg 768w, https:\/\/sevileskicioglu.av.tr\/wp-content\/uploads\/2019\/01\/sevil-rekabet.jpg 1200w\" sizes=\"auto, (max-width: 600px) 100vw, 600px\" \/><\/div><\/a><h5 class=\"practice-title-v2\"><a href=\"https:\/\/sevileskicioglu.av.tr\/de\/practice-items\/wettbewerbsrecht\/\">Wettbewerbsrecht<\/a><\/h5><div class=\"practice-excerpt\">Wettbewerbsrecht ist einer der wichtigsten Fachgebiete unserer Anwaltskanzlei. Die erfahrenen Anw\u00e4lte unserer Kanzlei bieten professionelle Dienstleistungen im Bezug auf F\u00e4lle mit Wettbewerbsstreitigkeiten an.<\/div><a class=\"read-more\" href=\"https:\/\/sevileskicioglu.av.tr\/de\/practice-items\/wettbewerbsrecht\/\">Learn More<\/a><\/div><\/div><div class=\"col-lg-3 col-md-6\"><div class=\"practice-item-v2\"><a href=\"https:\/\/sevileskicioglu.av.tr\/de\/practice-items\/datenschutz\/\"><div class=\"post-image\"><img loading=\"lazy\" decoding=\"async\" width=\"600\" height=\"400\" src=\"https:\/\/sevileskicioglu.av.tr\/wp-content\/uploads\/2019\/01\/sevil-kvkk-600x400.jpg\" class=\"img-fluid wp-post-image\" alt=\"\" srcset=\"https:\/\/sevileskicioglu.av.tr\/wp-content\/uploads\/2019\/01\/sevil-kvkk-600x400.jpg 600w, https:\/\/sevileskicioglu.av.tr\/wp-content\/uploads\/2019\/01\/sevil-kvkk-300x200.jpg 300w, https:\/\/sevileskicioglu.av.tr\/wp-content\/uploads\/2019\/01\/sevil-kvkk-1024x683.jpg 1024w, https:\/\/sevileskicioglu.av.tr\/wp-content\/uploads\/2019\/01\/sevil-kvkk-768x512.jpg 768w, https:\/\/sevileskicioglu.av.tr\/wp-content\/uploads\/2019\/01\/sevil-kvkk.jpg 1200w\" sizes=\"auto, (max-width: 600px) 100vw, 600px\" \/><\/div><\/a><h5 class=\"practice-title-v2\"><a href=\"https:\/\/sevileskicioglu.av.tr\/de\/practice-items\/datenschutz\/\">Datenschutz<\/a><\/h5><div class=\"practice-excerpt\">Datenschutz ist f\u00fcr die meisten Unternehmen in letzter Zeit eines der wichtigsten Themen, weswegen unsere Kanzlei hierauf ganz besonderen Wert legt.<\/div><a class=\"read-more\" href=\"https:\/\/sevileskicioglu.av.tr\/de\/practice-items\/datenschutz\/\">Learn More<\/a><\/div><\/div><div class=\"col-lg-3 col-md-6\"><div class=\"practice-item-v2\"><a href=\"https:\/\/sevileskicioglu.av.tr\/de\/practice-items\/strafrecht\/\"><div class=\"post-image\"><img loading=\"lazy\" decoding=\"async\" width=\"600\" height=\"400\" src=\"https:\/\/sevileskicioglu.av.tr\/wp-content\/uploads\/2019\/01\/sevil-ceza-600x400.jpg\" class=\"img-fluid wp-post-image\" alt=\"\" srcset=\"https:\/\/sevileskicioglu.av.tr\/wp-content\/uploads\/2019\/01\/sevil-ceza-600x400.jpg 600w, https:\/\/sevileskicioglu.av.tr\/wp-content\/uploads\/2019\/01\/sevil-ceza-300x200.jpg 300w, https:\/\/sevileskicioglu.av.tr\/wp-content\/uploads\/2019\/01\/sevil-ceza-1024x683.jpg 1024w, https:\/\/sevileskicioglu.av.tr\/wp-content\/uploads\/2019\/01\/sevil-ceza-768x512.jpg 768w, https:\/\/sevileskicioglu.av.tr\/wp-content\/uploads\/2019\/01\/sevil-ceza.jpg 1200w\" sizes=\"auto, (max-width: 600px) 100vw, 600px\" \/><\/div><\/a><h5 class=\"practice-title-v2\"><a href=\"https:\/\/sevileskicioglu.av.tr\/de\/practice-items\/strafrecht\/\">Strafrecht<\/a><\/h5><div class=\"practice-excerpt\">Unsere Anwaltskanzlei bietet ihren Mandanten alle Arten von Anwalts- und Beratungsdienstleistungen im Bereich des Strafrechts an, beginnend mit der Ermittlungs- und weiterf\u00fchrend bis zur Strafverfolgungsphase.<\/div><a class=\"read-more\" href=\"https:\/\/sevileskicioglu.av.tr\/de\/practice-items\/strafrecht\/\">Learn More<\/a><\/div><\/div><\/div><\/div><\/div>\n\t\t\t\t<\/div>\n\t\t\t\t<\/div>\n\t\t\t\t\t<\/div>\n\t\t<\/div>\n\t\t\t\t\t\t\t<\/div>\n\t\t<\/section>\n\t\t\t\t\t\t\t<\/div>","protected":false},"excerpt":{"rendered":"","protected":false},"author":1,"featured_media":1999,"parent":0,"menu_order":0,"comment_status":"closed","ping_status":"closed","template":"my-templates\/template-fullscreen.php","meta":{"footnotes":""},"class_list":["post-742","page","type-page","status-publish","has-post-thumbnail","hentry"],"_links":{"self":[{"href":"https:\/\/sevileskicioglu.av.tr\/de\/wp-json\/wp\/v2\/pages\/742","targetHints":{"allow":["GET"]}}],"collection":[{"href":"https:\/\/sevileskicioglu.av.tr\/de\/wp-json\/wp\/v2\/pages"}],"about":[{"href":"https:\/\/sevileskicioglu.av.tr\/de\/wp-json\/wp\/v2\/types\/page"}],"author":[{"embeddable":true,"href":"https:\/\/sevileskicioglu.av.tr\/de\/wp-json\/wp\/v2\/users\/1"}],"replies":[{"embeddable":true,"href":"https:\/\/sevileskicioglu.av.tr\/de\/wp-json\/wp\/v2\/comments?post=742"}],"version-history":[{"count":5,"href":"https:\/\/sevileskicioglu.av.tr\/de\/wp-json\/wp\/v2\/pages\/742\/revisions"}],"predecessor-version":[{"id":2210,"href":"https:\/\/sevileskicioglu.av.tr\/de\/wp-json\/wp\/v2\/pages\/742\/revisions\/2210"}],"wp:featuredmedia":[{"embeddable":true,"href":"https:\/\/sevileskicioglu.av.tr\/de\/wp-json\/wp\/v2\/media\/1999"}],"wp:attachment":[{"href":"https:\/\/sevileskicioglu.av.tr\/de\/wp-json\/wp\/v2\/media?parent=742"}],"curies":[{"name":"wp","href":"https:\/\/api.w.org\/{rel}","templated":true}]}}