{"id":733,"date":"2019-08-20T13:29:53","date_gmt":"2019-08-20T13:29:53","guid":{"rendered":"https:\/\/matchthemes.com\/testin\/?page_id=733"},"modified":"2019-08-20T13:29:53","modified_gmt":"2019-08-20T13:29:53","slug":"practice-areas-v2-4-cols","status":"publish","type":"page","link":"https:\/\/sevileskicioglu.av.tr\/en\/practice-areas-v2-4-cols\/","title":{"rendered":"Practice Areas v2 4 Cols"},"content":{"rendered":"<div data-elementor-type=\"wp-post\" data-elementor-id=\"733\" class=\"elementor elementor-733\">\n\t\t\t\t\t\t\t\t\t<section class=\"elementor-section elementor-top-section elementor-element elementor-element-cdd239c elementor-section-boxed elementor-section-height-default elementor-section-height-default\" data-id=\"cdd239c\" data-element_type=\"section\">\n\t\t\t\t\t\t<div class=\"elementor-container elementor-column-gap-default\">\n\t\t\t\t\t<div class=\"elementor-column elementor-col-100 elementor-top-column elementor-element elementor-element-58bc79b\" data-id=\"58bc79b\" data-element_type=\"column\">\n\t\t\t<div class=\"elementor-widget-wrap elementor-element-populated\">\n\t\t\t\t\t\t\t\t<div class=\"elementor-element elementor-element-6746fb3 elementor-widget elementor-widget-shortcode\" data-id=\"6746fb3\" data-element_type=\"widget\" data-widget_type=\"shortcode.default\">\n\t\t\t\t<div class=\"elementor-widget-container\">\n\t\t\t\t\t<div class=\"elementor-shortcode\"><div class=\"short_practice_areas_icon_v2\"><div class=\"row practice-items-holder-v2\"><div class=\"col-lg-3 col-md-6\"><div class=\"practice-item-v2\"><a href=\"https:\/\/sevileskicioglu.av.tr\/en\/practice-items\/law-of-foreigners\/\"><div class=\"practice-circle\"><i class=\"fas fa-globe\"><\/i><\/div><\/a><h5 class=\"practice-title-v2\"><a href=\"https:\/\/sevileskicioglu.av.tr\/en\/practice-items\/law-of-foreigners\/\">Law of Foreigners<\/a><\/h5><div class=\"practice-excerpt\">Our Law Firm renders legal consultancy on the fields of Law of Foreigners, including but not limited to<\/div><a class=\"read-more\" href=\"https:\/\/sevileskicioglu.av.tr\/en\/practice-items\/law-of-foreigners\/\">Learn More<\/a><\/div><\/div><div class=\"col-lg-3 col-md-6\"><div class=\"practice-item-v2\"><a href=\"https:\/\/sevileskicioglu.av.tr\/en\/practice-items\/labor-law\/\"><div class=\"practice-circle\"><i class=\"fas fa-suitcase\"><\/i><\/div><\/a><h5 class=\"practice-title-v2\"><a href=\"https:\/\/sevileskicioglu.av.tr\/en\/practice-items\/labor-law\/\">Labor Law<\/a><\/h5><div class=\"practice-excerpt\">Sevil Eskicioglu Law Firm provides consultancy and advocacy services in the preparation of<\/div><a class=\"read-more\" href=\"https:\/\/sevileskicioglu.av.tr\/en\/practice-items\/labor-law\/\">Learn More<\/a><\/div><\/div><div class=\"col-lg-3 col-md-6\"><div class=\"practice-item-v2\"><a href=\"https:\/\/sevileskicioglu.av.tr\/en\/practice-items\/commercial-law\/\"><div class=\"practice-circle\"><i class=\"fas fa-money-check-alt\"><\/i><\/div><\/a><h5 class=\"practice-title-v2\"><a href=\"https:\/\/sevileskicioglu.av.tr\/en\/practice-items\/commercial-law\/\">Commercial Law<\/a><\/h5><div class=\"practice-excerpt\">Sevil Eskicio\u011flu Law Firm represents its clients in national and international platforms with the long years of experience in<\/div><a class=\"read-more\" href=\"https:\/\/sevileskicioglu.av.tr\/en\/practice-items\/commercial-law\/\">Learn More<\/a><\/div><\/div><div class=\"col-lg-3 col-md-6\"><div class=\"practice-item-v2\"><a href=\"https:\/\/sevileskicioglu.av.tr\/en\/practice-items\/enforcement-and-bankruptcy-law\/\"><div class=\"practice-circle\"><i class=\"fas fa-file-invoice-dollar\"><\/i><\/div><\/a><h5 class=\"practice-title-v2\"><a href=\"https:\/\/sevileskicioglu.av.tr\/en\/practice-items\/enforcement-and-bankruptcy-law\/\">Enforcement and Bankruptcy Law<\/a><\/h5><div class=\"practice-excerpt\">Sevil Eskicioglu Law Firm conducts extensive research in the field of Executive Law to determine all assets, movable<\/div><a class=\"read-more\" href=\"https:\/\/sevileskicioglu.av.tr\/en\/practice-items\/enforcement-and-bankruptcy-law\/\">Learn More<\/a><\/div><\/div><div class=\"col-lg-3 col-md-6\"><div class=\"practice-item-v2\"><a href=\"https:\/\/sevileskicioglu.av.tr\/en\/practice-items\/medical-liability-law\/\"><div class=\"practice-circle\"><i class=\"fas fa-store\"><\/i><\/div><\/a><h5 class=\"practice-title-v2\"><a href=\"https:\/\/sevileskicioglu.av.tr\/en\/practice-items\/medical-liability-law\/\">Medical Liability Law<\/a><\/h5><div class=\"practice-excerpt\">Sevil Eskicio\u011flu Law Firm b\u00fcnyesinde malpraktis iddias\u0131yla kar\u015f\u0131la\u015fan bir hekime avukat olarak yasal hizmet ve hukuki dan\u0131\u015fmanl\u0131k hizmeti verilmesi, hekimlerin t\u0131p hukuku kapsam\u0131nda ihtiya\u00e7 duyduklar\u0131<\/div><a class=\"read-more\" href=\"https:\/\/sevileskicioglu.av.tr\/en\/practice-items\/medical-liability-law\/\">Learn More<\/a><\/div><\/div><div class=\"col-lg-3 col-md-6\"><div class=\"practice-item-v2\"><a href=\"https:\/\/sevileskicioglu.av.tr\/en\/practice-items\/family-law\/\"><div class=\"practice-circle\"><i class=\"fas fa-globe\"><\/i><\/div><\/a><h5 class=\"practice-title-v2\"><a href=\"https:\/\/sevileskicioglu.av.tr\/en\/practice-items\/family-law\/\">Family Law<\/a><\/h5><div class=\"practice-excerpt\">Aile hukuku, aile ili\u015fkisinde birbirleriyle etkile\u015fim halinde olan ger\u00e7ek ki\u015filer aras\u0131ndaki hak, talep ve sorumluluklar\u0131 d\u00fczenler. Sevil Eskicio\u011flu Hukuk B\u00fcrosu ayn\u0131 veya farkl\u0131 vatanda\u015fl\u0131klara sahip<\/div><a class=\"read-more\" href=\"https:\/\/sevileskicioglu.av.tr\/en\/practice-items\/family-law\/\">Learn More<\/a><\/div><\/div><div class=\"col-lg-3 col-md-6\"><div class=\"practice-item-v2\"><a href=\"https:\/\/sevileskicioglu.av.tr\/en\/practice-items\/international-dispute-resolution\/\"><div class=\"practice-circle\"><i class=\"fab fa-adversal\"><\/i><\/div><\/a><h5 class=\"practice-title-v2\"><a href=\"https:\/\/sevileskicioglu.av.tr\/en\/practice-items\/international-dispute-resolution\/\">International Dispute Resolution<\/a><\/h5><div class=\"practice-excerpt\">Sevil Eskicio\u011flu Hukuk B\u00fcrosu olarak \u00f6ncelikli amac\u0131m\u0131z uyu\u015fmazl\u0131\u011f\u0131n sulh yolu ile ve en az maliyetle \u00e7\u00f6z\u00fcm\u00fcn\u00fc elde etmektir. Herhangi bir hukuki uyu\u015fmazl\u0131k, olabilecek en do\u011frudan,<\/div><a class=\"read-more\" href=\"https:\/\/sevileskicioglu.av.tr\/en\/practice-items\/international-dispute-resolution\/\">Learn More<\/a><\/div><\/div><div class=\"col-lg-3 col-md-6\"><div class=\"practice-item-v2\"><a href=\"https:\/\/sevileskicioglu.av.tr\/en\/practice-items\/inheritance-law\/\"><div class=\"practice-circle\"><i class=\"fas fa-globe\"><\/i><\/div><\/a><h5 class=\"practice-title-v2\"><a href=\"https:\/\/sevileskicioglu.av.tr\/en\/practice-items\/inheritance-law\/\">Inheritance Law<\/a><\/h5><div class=\"practice-excerpt\">As a result of death, there are legal phase of fair distribution of the legator\u2019s personal assets. Besides, there are some claims behalf of the testators that might help them to acquire legal protection on their share.<\/div><a class=\"read-more\" href=\"https:\/\/sevileskicioglu.av.tr\/en\/practice-items\/inheritance-law\/\">Learn More<\/a><\/div><\/div><div class=\"col-lg-3 col-md-6\"><div class=\"practice-item-v2\"><a href=\"https:\/\/sevileskicioglu.av.tr\/en\/practice-items\/foreign-direct-incestment-and-company-formation\/\"><div class=\"practice-circle\"><i class=\"fas fa-store\"><\/i><\/div><\/a><h5 class=\"practice-title-v2\"><a href=\"https:\/\/sevileskicioglu.av.tr\/en\/practice-items\/foreign-direct-incestment-and-company-formation\/\">Foreign Direct Investment and Company Formation<\/a><\/h5><div class=\"practice-excerpt\">Sevil Eskicio\u011flu Hukuk B\u00fcrosu yurt i\u00e7inde veya yurtd\u0131\u015f\u0131nda mevcut ofisleri, Almanya, Slovakya, \u0130svi\u00e7re, Avusturya irtibat ofisleri ile size \u015firket kurulu\u015fu, m\u00fclk edinme ve her t\u00fcrl\u00fc<\/div><a class=\"read-more\" href=\"https:\/\/sevileskicioglu.av.tr\/en\/practice-items\/foreign-direct-incestment-and-company-formation\/\">Learn More<\/a><\/div><\/div><div class=\"col-lg-3 col-md-6\"><div class=\"practice-item-v2\"><a href=\"https:\/\/sevileskicioglu.av.tr\/en\/practice-items\/international-commercial-law\/\"><div class=\"practice-circle\"><i class=\"fab fa-adversal\"><\/i><\/div><\/a><h5 class=\"practice-title-v2\"><a href=\"https:\/\/sevileskicioglu.av.tr\/en\/practice-items\/international-commercial-law\/\">International Commercial Law<\/a><\/h5><div class=\"practice-excerpt\">Sevil Eskicio\u011flu Hukuk B\u00fcrosu olarak, uluslararas\u0131 ve yabanc\u0131l\u0131k unsuru ta\u015f\u0131yan hukuki mecralardaki deneyimi ile, yerli ve yabanc\u0131 ki\u015fi ve \u015firketler aras\u0131na ticari ili\u015fkiler, akdedecekleri gerek<\/div><a class=\"read-more\" href=\"https:\/\/sevileskicioglu.av.tr\/en\/practice-items\/international-commercial-law\/\">Learn More<\/a><\/div><\/div><div class=\"col-lg-3 col-md-6\"><div class=\"practice-item-v2\"><a href=\"https:\/\/sevileskicioglu.av.tr\/en\/practice-items\/corporate-law\/\"><div class=\"practice-circle\"><i class=\"fab fa-adversal\"><\/i><\/div><\/a><h5 class=\"practice-title-v2\"><a href=\"https:\/\/sevileskicioglu.av.tr\/en\/practice-items\/corporate-law\/\">Corporate Law<\/a><\/h5><div class=\"practice-excerpt\">Sevil Eskicio\u011flu Hukuk B\u00fcrosu olarak merkezleri Almanya\u2019da veya T\u00fcrkiye\u2019de bulunan \u015firketlerin proje bazl\u0131 \u00e7al\u0131\u015fmalar\u0131, ola\u011fan ve ola\u011fan\u00fcst\u00fc Genel Kurul toplant\u0131lar\u0131 ve Y\u00f6netim Kurulu kararlar\u0131, ana<\/div><a class=\"read-more\" href=\"https:\/\/sevileskicioglu.av.tr\/en\/practice-items\/corporate-law\/\">Learn More<\/a><\/div><\/div><div class=\"col-lg-3 col-md-6\"><div class=\"practice-item-v2\"><a href=\"https:\/\/sevileskicioglu.av.tr\/en\/practice-items\/contract-law\/\"><div class=\"practice-circle\"><i class=\"fab fa-adversal\"><\/i><\/div><\/a><h5 class=\"practice-title-v2\"><a href=\"https:\/\/sevileskicioglu.av.tr\/en\/practice-items\/contract-law\/\">Contract Law<\/a><\/h5><div class=\"practice-excerpt\">Hukuk B\u00fcromuz \u00f6zellikle uluslararas\u0131 ticari ili\u015fkilerde olas\u0131 hukuki problemlerinin olu\u015fmadan engellenmesi hususunda s\u00f6zle\u015fmeler hukukunun \u00e7ok \u00f6nemli rol oynamakta oldu\u011fu bilinciyle alan\u0131nda uzman kadrosuyla ulusal ve<\/div><a class=\"read-more\" href=\"https:\/\/sevileskicioglu.av.tr\/en\/practice-items\/contract-law\/\">Learn More<\/a><\/div><\/div><div class=\"col-lg-3 col-md-6\"><div class=\"practice-item-v2\"><a href=\"https:\/\/sevileskicioglu.av.tr\/en\/practice-items\/exhibition-consultancy\/\"><div class=\"practice-circle\"><i class=\"fas fa-store\"><\/i><\/div><\/a><h5 class=\"practice-title-v2\"><a href=\"https:\/\/sevileskicioglu.av.tr\/en\/practice-items\/exhibition-consultancy\/\">Exhibition Consultancy<\/a><\/h5><div class=\"practice-excerpt\">Exhibition Consultancy and joining to the internal and international Exhibitions is one of the most important proficiencies<\/div><a class=\"read-more\" href=\"https:\/\/sevileskicioglu.av.tr\/en\/practice-items\/exhibition-consultancy\/\">Learn More<\/a><\/div><\/div><div class=\"col-lg-3 col-md-6\"><div class=\"practice-item-v2\"><a href=\"https:\/\/sevileskicioglu.av.tr\/en\/practice-items\/competition-law\/\"><div class=\"practice-circle\"><i class=\"fab fa-adversal\"><\/i><\/div><\/a><h5 class=\"practice-title-v2\"><a href=\"https:\/\/sevileskicioglu.av.tr\/en\/practice-items\/competition-law\/\">Competition Law<\/a><\/h5><div class=\"practice-excerpt\">evil Eskicio\u011flu Law Firm is widely acknowledged as having one of the leading practices in Competition Law.<\/div><a class=\"read-more\" href=\"https:\/\/sevileskicioglu.av.tr\/en\/practice-items\/competition-law\/\">Learn More<\/a><\/div><\/div><div class=\"col-lg-3 col-md-6\"><div class=\"practice-item-v2\"><a href=\"https:\/\/sevileskicioglu.av.tr\/en\/practice-items\/protection-of-personal-data\/\"><div class=\"practice-circle\"><i class=\"fas fa-user-secret\"><\/i><\/div><\/a><h5 class=\"practice-title-v2\"><a href=\"https:\/\/sevileskicioglu.av.tr\/en\/practice-items\/protection-of-personal-data\/\">Protection Of Personal Data<\/a><\/h5><div class=\"practice-excerpt\">Protection of Personal Data is one of the most important issues for all companies. For this reason, our Law Firm gives<\/div><a class=\"read-more\" href=\"https:\/\/sevileskicioglu.av.tr\/en\/practice-items\/protection-of-personal-data\/\">Learn More<\/a><\/div><\/div><div class=\"col-lg-3 col-md-6\"><div class=\"practice-item-v2\"><a href=\"https:\/\/sevileskicioglu.av.tr\/en\/practice-items\/criminal-law\/\"><div class=\"practice-circle\"><i class=\"fas fa-gavel\"><\/i><\/div><\/a><h5 class=\"practice-title-v2\"><a href=\"https:\/\/sevileskicioglu.av.tr\/en\/practice-items\/criminal-law\/\">Criminal Law<\/a><\/h5><div class=\"practice-excerpt\">Our Law Firm gives any kind of litigation and consultancy services to its clients in the field of Criminal Law including both investigation and prosecution stages.<\/div><a class=\"read-more\" href=\"https:\/\/sevileskicioglu.av.tr\/en\/practice-items\/criminal-law\/\">Learn More<\/a><\/div><\/div><\/div><\/div><\/div>\n\t\t\t\t<\/div>\n\t\t\t\t<\/div>\n\t\t\t\t\t<\/div>\n\t\t<\/div>\n\t\t\t\t\t\t\t<\/div>\n\t\t<\/section>\n\t\t\t\t<section class=\"elementor-section elementor-top-section elementor-element elementor-element-1246038 elementor-section-boxed elementor-section-height-default elementor-section-height-default\" data-id=\"1246038\" data-element_type=\"section\">\n\t\t\t\t\t\t<div class=\"elementor-container elementor-column-gap-default\">\n\t\t\t\t\t<div class=\"elementor-column elementor-col-100 elementor-top-column elementor-element elementor-element-aa9db84\" data-id=\"aa9db84\" data-element_type=\"column\">\n\t\t\t<div class=\"elementor-widget-wrap elementor-element-populated\">\n\t\t\t\t\t\t\t\t<div class=\"elementor-element elementor-element-4874319 heading-subtitle elementor-widget elementor-widget-heading\" data-id=\"4874319\" data-element_type=\"widget\" data-widget_type=\"heading.default\">\n\t\t\t\t<div class=\"elementor-widget-container\">\n\t\t\t<style>\/*! elementor - v3.10.2 - 29-01-2023 *\/\n.elementor-heading-title{padding:0;margin:0;line-height:1}.elementor-widget-heading .elementor-heading-title[class*=elementor-size-]>a{color:inherit;font-size:inherit;line-height:inherit}.elementor-widget-heading .elementor-heading-title.elementor-size-small{font-size:15px}.elementor-widget-heading .elementor-heading-title.elementor-size-medium{font-size:19px}.elementor-widget-heading .elementor-heading-title.elementor-size-large{font-size:29px}.elementor-widget-heading .elementor-heading-title.elementor-size-xl{font-size:39px}.elementor-widget-heading .elementor-heading-title.elementor-size-xxl{font-size:59px}<\/style><span class=\"elementor-heading-title elementor-size-default\">Contact Us<\/span>\t\t<\/div>\n\t\t\t\t<\/div>\n\t\t\t\t<div class=\"elementor-element elementor-element-b3c0e8d heading-title elementor-widget elementor-widget-heading\" data-id=\"b3c0e8d\" data-element_type=\"widget\" data-widget_type=\"heading.default\">\n\t\t\t\t<div class=\"elementor-widget-container\">\n\t\t\t<h2 class=\"elementor-heading-title elementor-size-default\">Get in Touch<\/h2>\t\t<\/div>\n\t\t\t\t<\/div>\n\t\t\t\t\t<\/div>\n\t\t<\/div>\n\t\t\t\t\t\t\t<\/div>\n\t\t<\/section>\n\t\t\t\t<section class=\"elementor-section elementor-top-section elementor-element elementor-element-a9c4e62 elementor-section-boxed elementor-section-height-default elementor-section-height-default\" data-id=\"a9c4e62\" data-element_type=\"section\">\n\t\t\t\t\t\t<div class=\"elementor-container elementor-column-gap-default\">\n\t\t\t\t\t<div class=\"elementor-column elementor-col-33 elementor-top-column elementor-element elementor-element-c0e0a42\" data-id=\"c0e0a42\" data-element_type=\"column\">\n\t\t\t<div class=\"elementor-widget-wrap elementor-element-populated\">\n\t\t\t\t\t\t\t\t<div class=\"elementor-element elementor-element-00c9481 pcolori elementor-view-default elementor-mobile-position-top elementor-vertical-align-top elementor-widget elementor-widget-icon-box\" data-id=\"00c9481\" data-element_type=\"widget\" data-widget_type=\"icon-box.default\">\n\t\t\t\t<div class=\"elementor-widget-container\">\n\t\t\t<link rel=\"stylesheet\" href=\"https:\/\/sevileskicioglu.av.tr\/wp-content\/plugins\/elementor\/assets\/css\/widget-icon-box.min.css\">\t\t<div class=\"elementor-icon-box-wrapper\">\n\t\t\t\t\t\t<div class=\"elementor-icon-box-icon\">\n\t\t\t\t<span class=\"elementor-icon elementor-animation-\" >\n\t\t\t\t<i aria-hidden=\"true\" class=\"fas fa-map-marker-alt\"><\/i>\t\t\t\t<\/span>\n\t\t\t<\/div>\n\t\t\t\t\t\t<div class=\"elementor-icon-box-content\">\n\t\t\t\t<div class=\"elementor-icon-box-title\">\n\t\t\t\t\t<span  >\n\t\t\t\t\t\tOFFICE\t\t\t\t\t<\/span>\n\t\t\t\t<\/div>\n\t\t\t\t\t\t\t\t\t<p class=\"elementor-icon-box-description\">\n\t\t\t\t\t\t40 Park Ave, Brooklyn, New York\t\t\t\t\t<\/p>\n\t\t\t\t\t\t\t<\/div>\n\t\t<\/div>\n\t\t\t\t<\/div>\n\t\t\t\t<\/div>\n\t\t\t\t\t<\/div>\n\t\t<\/div>\n\t\t\t\t<div class=\"elementor-column elementor-col-33 elementor-top-column elementor-element elementor-element-2fa1874\" data-id=\"2fa1874\" data-element_type=\"column\">\n\t\t\t<div class=\"elementor-widget-wrap elementor-element-populated\">\n\t\t\t\t\t\t\t\t<div class=\"elementor-element elementor-element-273747a pcolori elementor-view-default elementor-mobile-position-top elementor-vertical-align-top elementor-widget elementor-widget-icon-box\" data-id=\"273747a\" data-element_type=\"widget\" data-widget_type=\"icon-box.default\">\n\t\t\t\t<div class=\"elementor-widget-container\">\n\t\t\t\t\t<div class=\"elementor-icon-box-wrapper\">\n\t\t\t\t\t\t<div class=\"elementor-icon-box-icon\">\n\t\t\t\t<span class=\"elementor-icon elementor-animation-\" >\n\t\t\t\t<i aria-hidden=\"true\" class=\"fas fa-phone-alt\"><\/i>\t\t\t\t<\/span>\n\t\t\t<\/div>\n\t\t\t\t\t\t<div class=\"elementor-icon-box-content\">\n\t\t\t\t<div class=\"elementor-icon-box-title\">\n\t\t\t\t\t<span  >\n\t\t\t\t\t\tPHONE\t\t\t\t\t<\/span>\n\t\t\t\t<\/div>\n\t\t\t\t\t\t\t\t\t<p class=\"elementor-icon-box-description\">\n\t\t\t\t\t\t1-800-000-111\t\t\t\t\t<\/p>\n\t\t\t\t\t\t\t<\/div>\n\t\t<\/div>\n\t\t\t\t<\/div>\n\t\t\t\t<\/div>\n\t\t\t\t\t<\/div>\n\t\t<\/div>\n\t\t\t\t<div class=\"elementor-column elementor-col-33 elementor-top-column elementor-element elementor-element-51ef7e9\" data-id=\"51ef7e9\" data-element_type=\"column\">\n\t\t\t<div class=\"elementor-widget-wrap elementor-element-populated\">\n\t\t\t\t\t\t\t\t<div class=\"elementor-element elementor-element-5cd49d9 pcolori elementor-view-default elementor-mobile-position-top elementor-vertical-align-top elementor-widget elementor-widget-icon-box\" data-id=\"5cd49d9\" data-element_type=\"widget\" data-widget_type=\"icon-box.default\">\n\t\t\t\t<div class=\"elementor-widget-container\">\n\t\t\t\t\t<div class=\"elementor-icon-box-wrapper\">\n\t\t\t\t\t\t<div class=\"elementor-icon-box-icon\">\n\t\t\t\t<span class=\"elementor-icon elementor-animation-\" >\n\t\t\t\t<i aria-hidden=\"true\" class=\"far fa-envelope\"><\/i>\t\t\t\t<\/span>\n\t\t\t<\/div>\n\t\t\t\t\t\t<div class=\"elementor-icon-box-content\">\n\t\t\t\t<div class=\"elementor-icon-box-title\">\n\t\t\t\t\t<span  >\n\t\t\t\t\t\tEMAIL\t\t\t\t\t<\/span>\n\t\t\t\t<\/div>\n\t\t\t\t\t\t\t\t\t<p class=\"elementor-icon-box-description\">\n\t\t\t\t\t\tcontact@example.com\t\t\t\t\t<\/p>\n\t\t\t\t\t\t\t<\/div>\n\t\t<\/div>\n\t\t\t\t<\/div>\n\t\t\t\t<\/div>\n\t\t\t\t\t<\/div>\n\t\t<\/div>\n\t\t\t\t\t\t\t<\/div>\n\t\t<\/section>\n\t\t\t\t\t\t\t<\/div>","protected":false},"excerpt":{"rendered":"<p>Contact Us Get in Touch OFFICE 40 Park Ave, Brooklyn, New York PHONE 1-800-000-111 EMAIL contact@example.com<\/p>","protected":false},"author":1,"featured_media":103,"parent":0,"menu_order":0,"comment_status":"closed","ping_status":"closed","template":"my-templates\/template-fullscreen.php","meta":{"footnotes":""},"class_list":["post-733","page","type-page","status-publish","has-post-thumbnail","hentry"],"_links":{"self":[{"href":"https:\/\/sevileskicioglu.av.tr\/en\/wp-json\/wp\/v2\/pages\/733","targetHints":{"allow":["GET"]}}],"collection":[{"href":"https:\/\/sevileskicioglu.av.tr\/en\/wp-json\/wp\/v2\/pages"}],"about":[{"href":"https:\/\/sevileskicioglu.av.tr\/en\/wp-json\/wp\/v2\/types\/page"}],"author":[{"embeddable":true,"href":"https:\/\/sevileskicioglu.av.tr\/en\/wp-json\/wp\/v2\/users\/1"}],"replies":[{"embeddable":true,"href":"https:\/\/sevileskicioglu.av.tr\/en\/wp-json\/wp\/v2\/comments?post=733"}],"version-history":[{"count":0,"href":"https:\/\/sevileskicioglu.av.tr\/en\/wp-json\/wp\/v2\/pages\/733\/revisions"}],"wp:featuredmedia":[{"embeddable":true,"href":"https:\/\/sevileskicioglu.av.tr\/en\/wp-json\/wp\/v2\/media\/103"}],"wp:attachment":[{"href":"https:\/\/sevileskicioglu.av.tr\/en\/wp-json\/wp\/v2\/media?parent=733"}],"curies":[{"name":"wp","href":"https:\/\/api.w.org\/{rel}","templated":true}]}}